{"id":133,"date":"2022-05-13T11:49:01","date_gmt":"2022-05-13T09:49:01","guid":{"rendered":"https:\/\/netbis.sk\/modely\/?page_id=133"},"modified":"2025-10-30T07:06:10","modified_gmt":"2025-10-30T06:06:10","slug":"kontakt","status":"publish","type":"page","link":"https:\/\/netbis.sk\/modely\/kontakt\/","title":{"rendered":"Kontakt"},"content":{"rendered":"\t\t<div data-elementor-type=\"wp-page\" data-elementor-id=\"133\" class=\"elementor elementor-133\" data-elementor-settings=\"{&quot;ha_cmc_init_switcher&quot;:&quot;no&quot;}\">\n\t\t\t\t\t\t<section class=\"elementor-section elementor-top-section elementor-element elementor-element-b81a7a2 elementor-section-boxed elementor-section-height-default elementor-section-height-default\" data-id=\"b81a7a2\" data-element_type=\"section\" data-e-type=\"section\" data-settings=\"{&quot;_ha_eqh_enable&quot;:false}\">\n\t\t\t\t\t\t<div class=\"elementor-container elementor-column-gap-default\">\n\t\t\t\t\t<div class=\"elementor-column elementor-col-100 elementor-top-column elementor-element elementor-element-04e7c86\" data-id=\"04e7c86\" data-element_type=\"column\" data-e-type=\"column\" data-settings=\"{&quot;background_background&quot;:&quot;classic&quot;}\">\n\t\t\t<div class=\"elementor-widget-wrap elementor-element-populated\">\n\t\t\t\t\t\t<section class=\"elementor-section elementor-inner-section elementor-element elementor-element-3bb55df elementor-section-boxed elementor-section-height-default elementor-section-height-default\" data-id=\"3bb55df\" data-element_type=\"section\" data-e-type=\"section\" data-settings=\"{&quot;_ha_eqh_enable&quot;:false}\">\n\t\t\t\t\t\t<div class=\"elementor-container elementor-column-gap-default\">\n\t\t\t\t\t<div class=\"elementor-column elementor-col-50 elementor-inner-column elementor-element elementor-element-c3317d6\" data-id=\"c3317d6\" data-element_type=\"column\" data-e-type=\"column\">\n\t\t\t<div class=\"elementor-widget-wrap elementor-element-populated\">\n\t\t\t\t\t\t<div class=\"elementor-element elementor-element-b6a1a68 elementor-widget elementor-widget-image\" data-id=\"b6a1a68\" data-element_type=\"widget\" data-e-type=\"widget\" data-widget_type=\"image.default\">\n\t\t\t\t<div class=\"elementor-widget-container\">\n\t\t\t\t\t\t\t\t\t\t\t\t\t\t\t<img decoding=\"async\" width=\"300\" height=\"37\" src=\"https:\/\/netbis.sk\/modely\/wp-content\/uploads\/2022\/05\/netbis_trans-300x37.png\" class=\"attachment-medium size-medium wp-image-8\" alt=\"\" srcset=\"https:\/\/netbis.sk\/modely\/wp-content\/uploads\/2022\/05\/netbis_trans-300x37.png 300w, https:\/\/netbis.sk\/modely\/wp-content\/uploads\/2022\/05\/netbis_trans-768x94.png 768w, https:\/\/netbis.sk\/modely\/wp-content\/uploads\/2022\/05\/netbis_trans-1024x126.png 1024w, https:\/\/netbis.sk\/modely\/wp-content\/uploads\/2022\/05\/netbis_trans-600x74.png 600w, https:\/\/netbis.sk\/modely\/wp-content\/uploads\/2022\/05\/netbis_trans.png 1237w\" sizes=\"(max-width: 300px) 100vw, 300px\" \/>\t\t\t\t\t\t\t\t\t\t\t\t\t\t\t<\/div>\n\t\t\t\t<\/div>\n\t\t\t\t<div class=\"elementor-element elementor-element-bc57d30 elementor-widget elementor-widget-heading\" data-id=\"bc57d30\" data-element_type=\"widget\" data-e-type=\"widget\" data-widget_type=\"heading.default\">\n\t\t\t\t<div class=\"elementor-widget-container\">\n\t\t\t\t\t<h4 class=\"elementor-heading-title elementor-size-default\">Faktura\u010dn\u00e9 \u00fadaje<\/h4>\t\t\t\t<\/div>\n\t\t\t\t<\/div>\n\t\t\t\t<div class=\"elementor-element elementor-element-89811ad elementor-widget elementor-widget-text-editor\" data-id=\"89811ad\" data-element_type=\"widget\" data-e-type=\"widget\" data-widget_type=\"text-editor.default\">\n\t\t\t\t<div class=\"elementor-widget-container\">\n\t\t\t\t\t\t\t\t\tVi\u0161\u0148ovsk\u00e9ho 3<\/br>\n\n969 01 Bansk\u00e1 \u0160tiavnica<\/br>\n\n<strong>NEJEDN\u00c1 SA O ADRESU PREV\u00c1DZKY<\/strong><\/br><\/br>\n\nI\u010cO: 521 41 306<\/br>\n\nDI\u010c: 212 090 4346<\/br><\/br>\n\n<strong>Nie sme platcami DPH!!!<\/strong>\t\t\t\t\t\t\t\t<\/div>\n\t\t\t\t<\/div>\n\t\t\t\t<div class=\"elementor-element elementor-element-63f5293 elementor-widget elementor-widget-heading\" data-id=\"63f5293\" data-element_type=\"widget\" data-e-type=\"widget\" data-widget_type=\"heading.default\">\n\t\t\t\t<div class=\"elementor-widget-container\">\n\t\t\t\t\t<h4 class=\"elementor-heading-title elementor-size-default\">Kontaktn\u00e9 \u00fadaje<\/h4>\t\t\t\t<\/div>\n\t\t\t\t<\/div>\n\t\t\t\t<div class=\"elementor-element elementor-element-f33aa45 elementor-widget elementor-widget-text-editor\" data-id=\"f33aa45\" data-element_type=\"widget\" data-e-type=\"widget\" data-widget_type=\"text-editor.default\">\n\t\t\t\t<div class=\"elementor-widget-container\">\n\t\t\t\t\t\t\t\t\ttel: +421 910 530 030<\/br>\n\nemail: modely@netbis.sk\t\t\t\t\t\t\t\t<\/div>\n\t\t\t\t<\/div>\n\t\t\t\t<div class=\"elementor-element elementor-element-f986027 elementor-widget elementor-widget-spacer\" data-id=\"f986027\" data-element_type=\"widget\" data-e-type=\"widget\" data-widget_type=\"spacer.default\">\n\t\t\t\t<div class=\"elementor-widget-container\">\n\t\t\t\t\t\t\t<div class=\"elementor-spacer\">\n\t\t\t<div class=\"elementor-spacer-inner\"><\/div>\n\t\t<\/div>\n\t\t\t\t\t\t<\/div>\n\t\t\t\t<\/div>\n\t\t\t\t<div class=\"elementor-element elementor-element-046d75b elementor-widget elementor-widget-image\" data-id=\"046d75b\" data-element_type=\"widget\" data-e-type=\"widget\" data-widget_type=\"image.default\">\n\t\t\t\t<div class=\"elementor-widget-container\">\n\t\t\t\t\t\t\t\t\t\t\t\t\t\t\t<img fetchpriority=\"high\" decoding=\"async\" width=\"1024\" height=\"461\" src=\"https:\/\/netbis.sk\/modely\/wp-content\/uploads\/2024\/06\/IMG_20240521_074845962-scaled-1024x461.jpg\" class=\"attachment-large size-large wp-image-2155\" alt=\"\" srcset=\"https:\/\/netbis.sk\/modely\/wp-content\/uploads\/2024\/06\/IMG_20240521_074845962-scaled-1024x461.jpg 1024w, https:\/\/netbis.sk\/modely\/wp-content\/uploads\/2024\/06\/IMG_20240521_074845962-scaled-300x135.jpg 300w, https:\/\/netbis.sk\/modely\/wp-content\/uploads\/2024\/06\/IMG_20240521_074845962-scaled-768x346.jpg 768w, https:\/\/netbis.sk\/modely\/wp-content\/uploads\/2024\/06\/IMG_20240521_074845962-scaled-1536x691.jpg 1536w, https:\/\/netbis.sk\/modely\/wp-content\/uploads\/2024\/06\/IMG_20240521_074845962-scaled-2048x922.jpg 2048w, https:\/\/netbis.sk\/modely\/wp-content\/uploads\/2024\/06\/IMG_20240521_074845962-scaled-600x270.jpg 600w\" sizes=\"(max-width: 1024px) 100vw, 1024px\" \/>\t\t\t\t\t\t\t\t\t\t\t\t\t\t\t<\/div>\n\t\t\t\t<\/div>\n\t\t\t\t\t<\/div>\n\t\t<\/div>\n\t\t\t\t<div class=\"elementor-column elementor-col-50 elementor-inner-column elementor-element elementor-element-ebfd122\" data-id=\"ebfd122\" data-element_type=\"column\" data-e-type=\"column\">\n\t\t\t<div class=\"elementor-widget-wrap elementor-element-populated\">\n\t\t\t\t\t\t<div class=\"elementor-element elementor-element-cbce4c3 elementor-widget elementor-widget-ha-wpform happy-addon ha-wpform\" data-id=\"cbce4c3\" data-element_type=\"widget\" data-e-type=\"widget\" data-widget_type=\"ha-wpform.default\">\n\t\t\t\t<div class=\"elementor-widget-container\">\n\t\t\t\t\t<div class=\"wpforms-container wpforms-container-full\" id=\"wpforms-138\"><form id=\"wpforms-form-138\" class=\"wpforms-validate wpforms-form wpforms-ajax-form\" data-formid=\"138\" method=\"post\" enctype=\"multipart\/form-data\" action=\"\/modely\/wp-json\/wp\/v2\/pages\/133\" data-token=\"a2266205e605411a2a4f129c8fb6140e\" data-token-time=\"1776271371\"><noscript class=\"wpforms-error-noscript\">Please enable JavaScript in your browser to complete this form.<\/noscript><div class=\"wpforms-field-container\"><div id=\"wpforms-138-field_0-container\" class=\"wpforms-field wpforms-field-name\" data-field-id=\"0\"><label class=\"wpforms-field-label\" for=\"wpforms-138-field_0\">Meno <span class=\"wpforms-required-label\">*<\/span><\/label><input type=\"text\" id=\"wpforms-138-field_0\" class=\"wpforms-field-medium wpforms-field-required\" name=\"wpforms[fields][0]\" required><\/div><div id=\"wpforms-138-field_4-container\" class=\"wpforms-field wpforms-field-text\" data-field-id=\"4\"><label class=\"wpforms-field-label\" for=\"wpforms-138-field_4\">Email <span class=\"wpforms-required-label\">*<\/span><\/label><input type=\"text\" id=\"wpforms-138-field_4\" class=\"wpforms-field-medium wpforms-field-required\" name=\"wpforms[fields][4]\" required><\/div><div id=\"wpforms-138-field_3-container\" class=\"wpforms-field wpforms-field-text\" data-field-id=\"3\"><label class=\"wpforms-field-label\" for=\"wpforms-138-field_3\">Telef\u00f3n<\/label><input type=\"text\" id=\"wpforms-138-field_3\" class=\"wpforms-field-medium\" name=\"wpforms[fields][3]\" ><\/div><div id=\"wpforms-138-field_2-container\" class=\"wpforms-field wpforms-field-textarea\" data-field-id=\"2\"><label class=\"wpforms-field-label\" for=\"wpforms-138-field_2\">Va\u0161a spr\u00e1va alebo ot\u00e1zka <span class=\"wpforms-required-label\">*<\/span><\/label><textarea id=\"wpforms-138-field_2\" class=\"wpforms-field-medium wpforms-field-required\" name=\"wpforms[fields][2]\" required><\/textarea><\/div><div id=\"wpforms-138-field_5-container\" class=\"wpforms-field wpforms-field-checkbox\" data-field-id=\"5\"><label class=\"wpforms-field-label\">S\u00fahlas so spracovan\u00edm osobn\u00fdch \u00fadajov <span class=\"wpforms-required-label\">*<\/span><\/label><ul id=\"wpforms-138-field_5\" class=\"wpforms-field-required\"><li class=\"choice-1 depth-1\"><input type=\"checkbox\" id=\"wpforms-138-field_5_1\" name=\"wpforms[fields][5][]\" value=\"S\u00fahlas\u00edm so spracovan\u00edm osobn\u00fdch \u00fadajov za \u00fa\u010delom kontaktovania, odpovede, pr\u00edpadne vyhotovenia objedn\u00e1vky alebo poskytnutia viac inform\u00e1ci\u00ed\" required ><label class=\"wpforms-field-label-inline\" for=\"wpforms-138-field_5_1\">S\u00fahlas\u00edm so spracovan\u00edm osobn\u00fdch \u00fadajov za \u00fa\u010delom kontaktovania, odpovede, pr\u00edpadne vyhotovenia objedn\u00e1vky alebo poskytnutia viac inform\u00e1ci\u00ed<\/label><\/li><\/ul><\/div><\/div><!-- .wpforms-field-container --><div class=\"wpforms-recaptcha-container wpforms-is-recaptcha wpforms-is-recaptcha-type-v2\" ><div class=\"g-recaptcha\" data-sitekey=\"6LfS_OofAAAAAA_K_0Grz1ydj0EfkamQJH1-KSyk\"><\/div><input type=\"text\" name=\"g-recaptcha-hidden\" class=\"wpforms-recaptcha-hidden\" style=\"position:absolute!important;clip:rect(0,0,0,0)!important;height:1px!important;width:1px!important;border:0!important;overflow:hidden!important;padding:0!important;margin:0!important;\" data-rule-recaptcha=\"1\"><\/div><div class=\"wpforms-submit-container\" ><input type=\"hidden\" name=\"wpforms[id]\" value=\"138\"><input type=\"hidden\" name=\"page_title\" value=\"\"><input type=\"hidden\" name=\"page_url\" value=\"https:\/\/netbis.sk\/modely\/wp-json\/wp\/v2\/pages\/133\"><input type=\"hidden\" name=\"url_referer\" value=\"\"><button type=\"submit\" name=\"wpforms[submit]\" id=\"wpforms-submit-138\" class=\"wpforms-submit\" data-alt-text=\"Odosielanie...\" data-submit-text=\"Odosla\u0165\" aria-live=\"assertive\" value=\"wpforms-submit\">Odosla\u0165<\/button><img decoding=\"async\" src=\"https:\/\/netbis.sk\/modely\/wp-content\/plugins\/wpforms-lite\/assets\/images\/submit-spin.svg\" class=\"wpforms-submit-spinner\" style=\"display: none;\" width=\"26\" height=\"26\" alt=\"Loading\"><\/div><\/form><\/div>  <!-- .wpforms-container -->\t\t\t\t<\/div>\n\t\t\t\t<\/div>\n\t\t\t\t\t<\/div>\n\t\t<\/div>\n\t\t\t\t\t<\/div>\n\t\t<\/section>\n\t\t\t\t\t<\/div>\n\t\t<\/div>\n\t\t\t\t\t<\/div>\n\t\t<\/section>\n\t\t\t\t<section class=\"elementor-section elementor-top-section elementor-element elementor-element-4751b5f elementor-section-boxed elementor-section-height-default elementor-section-height-default\" data-id=\"4751b5f\" data-element_type=\"section\" data-e-type=\"section\" data-settings=\"{&quot;_ha_eqh_enable&quot;:false}\">\n\t\t\t\t\t\t<div class=\"elementor-container elementor-column-gap-default\">\n\t\t\t\t\t<div class=\"elementor-column elementor-col-100 elementor-top-column elementor-element elementor-element-0078108\" data-id=\"0078108\" data-element_type=\"column\" data-e-type=\"column\">\n\t\t\t<div class=\"elementor-widget-wrap elementor-element-populated\">\n\t\t\t\t\t\t<div class=\"elementor-element elementor-element-34ff343 elementor-widget elementor-widget-spacer\" data-id=\"34ff343\" data-element_type=\"widget\" data-e-type=\"widget\" data-widget_type=\"spacer.default\">\n\t\t\t\t<div class=\"elementor-widget-container\">\n\t\t\t\t\t\t\t<div class=\"elementor-spacer\">\n\t\t\t<div class=\"elementor-spacer-inner\"><\/div>\n\t\t<\/div>\n\t\t\t\t\t\t<\/div>\n\t\t\t\t<\/div>\n\t\t\t\t\t<\/div>\n\t\t<\/div>\n\t\t\t\t\t<\/div>\n\t\t<\/section>\n\t\t\t\t<section class=\"elementor-section elementor-top-section elementor-element elementor-element-f9ac6ed elementor-section-full_width elementor-section-height-default elementor-section-height-default\" data-id=\"f9ac6ed\" data-element_type=\"section\" data-e-type=\"section\" data-settings=\"{&quot;_ha_eqh_enable&quot;:false}\">\n\t\t\t\t\t\t<div class=\"elementor-container elementor-column-gap-default\">\n\t\t\t\t\t<div class=\"elementor-column elementor-col-100 elementor-top-column elementor-element elementor-element-d064e5d\" data-id=\"d064e5d\" data-element_type=\"column\" data-e-type=\"column\">\n\t\t\t<div class=\"elementor-widget-wrap elementor-element-populated\">\n\t\t\t\t\t\t<div class=\"elementor-element elementor-element-bde5361 elementor-widget elementor-widget-image-carousel\" data-id=\"bde5361\" data-element_type=\"widget\" data-e-type=\"widget\" data-settings=\"{&quot;slides_to_show&quot;:&quot;7&quot;,&quot;navigation&quot;:&quot;none&quot;,&quot;autoplay&quot;:&quot;yes&quot;,&quot;autoplay_speed&quot;:5000,&quot;infinite&quot;:&quot;yes&quot;,&quot;speed&quot;:500}\" data-widget_type=\"image-carousel.default\">\n\t\t\t\t<div class=\"elementor-widget-container\">\n\t\t\t\t\t\t\t<div class=\"elementor-image-carousel-wrapper swiper\" role=\"region\" aria-roledescription=\"carousel\" aria-label=\"Obr\u00e1zkov\u00fd kot\u00fa\u010d\" dir=\"ltr\">\n\t\t\t<div class=\"elementor-image-carousel swiper-wrapper\" aria-live=\"off\">\n\t\t\t\t\t\t\t\t<div class=\"swiper-slide\" role=\"group\" aria-roledescription=\"slide\" aria-label=\"1 of 26\"><figure class=\"swiper-slide-inner\"><img decoding=\"async\" class=\"swiper-slide-image\" src=\"https:\/\/netbis.sk\/modely\/wp-content\/uploads\/elementor\/thumbs\/IMG_20240707_084118989_HDR-r1b6uq16pkns69nr1ixrrp7edwtmn16ndd2078vzkg.jpg\" alt=\"IMG_20240707_084118989_HDR\" \/><\/figure><\/div><div class=\"swiper-slide\" role=\"group\" aria-roledescription=\"slide\" aria-label=\"2 of 26\"><figure class=\"swiper-slide-inner\"><img decoding=\"async\" class=\"swiper-slide-image\" src=\"https:\/\/netbis.sk\/modely\/wp-content\/uploads\/elementor\/thumbs\/IMG_20241020_135917564-scaled-r1b6m6nymqz0ps27wc2rmcro4wwlq0af73q89rjq34.jpg\" alt=\"IMG_20241020_135917564\" \/><\/figure><\/div><div class=\"swiper-slide\" role=\"group\" aria-roledescription=\"slide\" aria-label=\"3 of 26\"><figure class=\"swiper-slide-inner\"><img decoding=\"async\" class=\"swiper-slide-image\" src=\"https:\/\/netbis.sk\/modely\/wp-content\/uploads\/elementor\/thumbs\/IMG_20241117_131437802-scaled-r1b6iql9km96592g0ug0h82tq1w5hyluq1m4x8nowg.jpg\" alt=\"IMG_20241117_131437802\" \/><\/figure><\/div><div class=\"swiper-slide\" role=\"group\" aria-roledescription=\"slide\" aria-label=\"4 of 26\"><figure class=\"swiper-slide-inner\"><img decoding=\"async\" class=\"swiper-slide-image\" src=\"https:\/\/netbis.sk\/modely\/wp-content\/uploads\/elementor\/thumbs\/IMG_20250106_160244826-scaled-r1b6cqedwq17yxsh38ztjqmt3fhqbkrl8bkgjlk8nk.jpg\" alt=\"IMG_20250106_160244826\" \/><\/figure><\/div><div class=\"swiper-slide\" role=\"group\" aria-roledescription=\"slide\" aria-label=\"5 of 26\"><figure class=\"swiper-slide-inner\"><img decoding=\"async\" class=\"swiper-slide-image\" src=\"https:\/\/netbis.sk\/modely\/wp-content\/uploads\/elementor\/thumbs\/IMG_20240731_1000473912-scaled-r1b6rumxtsq8p5txta8t5fap1iz94bs6b5alet5akw.jpg\" alt=\"IMG_20240731_100047391~2\" \/><\/figure><\/div><div class=\"swiper-slide\" role=\"group\" aria-roledescription=\"slide\" aria-label=\"6 of 26\"><figure class=\"swiper-slide-inner\"><img decoding=\"async\" class=\"swiper-slide-image\" src=\"https:\/\/netbis.sk\/modely\/wp-content\/uploads\/elementor\/thumbs\/IMG_20250211_030529287-scaled-r1bu82em02ea55k76p952w1g0vy3dw9e1mkzaff45s.jpg\" alt=\"IMG_20250211_030529287\" \/><\/figure><\/div><div class=\"swiper-slide\" role=\"group\" aria-roledescription=\"slide\" aria-label=\"7 of 26\"><figure class=\"swiper-slide-inner\"><img decoding=\"async\" class=\"swiper-slide-image\" src=\"https:\/\/netbis.sk\/modely\/wp-content\/uploads\/elementor\/thumbs\/IMG_20241019_111121507-scaled-r0m1ndyes91zcekz6yyfoi0z39ngmapzd0zgkcgekw.jpg\" alt=\"IMG_20241019_111121507\" \/><\/figure><\/div><div class=\"swiper-slide\" role=\"group\" aria-roledescription=\"slide\" aria-label=\"8 of 26\"><figure class=\"swiper-slide-inner\"><img decoding=\"async\" class=\"swiper-slide-image\" src=\"https:\/\/netbis.sk\/modely\/wp-content\/uploads\/elementor\/thumbs\/h0-tt-voly-rebrinak-qs7efh4aw0m1v5ibpsqc9cj7ml3tb43k13w9cmov68.jpg\" alt=\"h0-tt-voly-rebrinak\" \/><\/figure><\/div><div class=\"swiper-slide\" role=\"group\" aria-roledescription=\"slide\" aria-label=\"9 of 26\"><figure class=\"swiper-slide-inner\"><img decoding=\"async\" class=\"swiper-slide-image\" src=\"https:\/\/netbis.sk\/modely\/wp-content\/uploads\/elementor\/thumbs\/IMG_20240118_162048896_HDR-scaled-qpw79gkd4cxcfat8wwr0gd8cqvt7a9aibvs5o3eci8.jpg\" alt=\"IMG_20240118_162048896_HDR\" \/><\/figure><\/div><div class=\"swiper-slide\" role=\"group\" aria-roledescription=\"slide\" aria-label=\"10 of 26\"><figure class=\"swiper-slide-inner\"><img decoding=\"async\" class=\"swiper-slide-image\" src=\"https:\/\/netbis.sk\/modely\/wp-content\/uploads\/elementor\/thumbs\/IMG_20240509_100137920-scaled-qpw75gr22pgh2ym58ol3cvituxi1kkfks3yv8rbky8.jpg\" alt=\"IMG_20240509_100137920\" \/><\/figure><\/div><div class=\"swiper-slide\" role=\"group\" aria-roledescription=\"slide\" aria-label=\"11 of 26\"><figure class=\"swiper-slide-inner\"><img decoding=\"async\" class=\"swiper-slide-image\" src=\"https:\/\/netbis.sk\/modely\/wp-content\/uploads\/elementor\/thumbs\/h0-tt-bunka3-qfhi4gs8j8tm16yxd90lflsyzyqc7q8wairsxqozww.jpg\" alt=\"h0-tt-bunka3\" \/><\/figure><\/div><div class=\"swiper-slide\" role=\"group\" aria-roledescription=\"slide\" aria-label=\"12 of 26\"><figure class=\"swiper-slide-inner\"><img decoding=\"async\" class=\"swiper-slide-image\" src=\"https:\/\/netbis.sk\/modely\/wp-content\/uploads\/elementor\/thumbs\/IMG_20230717_171540517-q9jzuf9vvt40dfxnb1hrwwtcw5lb4hfvqrszyri18w.jpg\" alt=\"IMG_20230717_171540517\" \/><\/figure><\/div><div class=\"swiper-slide\" role=\"group\" aria-roledescription=\"slide\" aria-label=\"13 of 26\"><figure class=\"swiper-slide-inner\"><img decoding=\"async\" class=\"swiper-slide-image\" src=\"https:\/\/netbis.sk\/modely\/wp-content\/uploads\/elementor\/thumbs\/IMG_20230717_172756468-q9jzsc2sp292kmyvi4zmdfshdbvy0p5csfm5kmlj2o.jpg\" alt=\"IMG_20230717_172756468\" \/><\/figure><\/div><div class=\"swiper-slide\" role=\"group\" aria-roledescription=\"slide\" aria-label=\"14 of 26\"><figure class=\"swiper-slide-inner\"><img decoding=\"async\" class=\"swiper-slide-image\" src=\"https:\/\/netbis.sk\/modely\/wp-content\/uploads\/elementor\/thumbs\/h0-vt34-4-pxcniwxnigjag726g5oq9v6ng45gighw89bs2g1brk.jpg\" alt=\"h0-vt34-4\" \/><\/figure><\/div><div class=\"swiper-slide\" role=\"group\" aria-roledescription=\"slide\" aria-label=\"15 of 26\"><figure class=\"swiper-slide-inner\"><img decoding=\"async\" class=\"swiper-slide-image\" src=\"https:\/\/netbis.sk\/modely\/wp-content\/uploads\/elementor\/thumbs\/IMG_20220903_201647-puz6xywld6ml8jpb7uxb5zua6r1c5x3nw9zw88gouo.jpg\" alt=\"IMG_20220903_201647\" \/><\/figure><\/div><div class=\"swiper-slide\" role=\"group\" aria-roledescription=\"slide\" aria-label=\"16 of 26\"><figure class=\"swiper-slide-inner\"><img decoding=\"async\" class=\"swiper-slide-image\" src=\"https:\/\/netbis.sk\/modely\/wp-content\/uploads\/elementor\/thumbs\/IMG_20220716_105557-prufna70nb9b4khl5c4kfkoscub07yiy8qgxgntihc.jpg\" alt=\"IMG_20220716_105557\" \/><\/figure><\/div><div class=\"swiper-slide\" role=\"group\" aria-roledescription=\"slide\" aria-label=\"17 of 26\"><figure class=\"swiper-slide-inner\"><img decoding=\"async\" class=\"swiper-slide-image\" src=\"https:\/\/netbis.sk\/modely\/wp-content\/uploads\/elementor\/thumbs\/IMG_20220301_080401-ppq9azou8958ub13o7va1b0d95rv0vxiwux8j3b7io.jpg\" alt=\"IMG_20220301_080401\" \/><\/figure><\/div><div class=\"swiper-slide\" role=\"group\" aria-roledescription=\"slide\" aria-label=\"18 of 26\"><figure class=\"swiper-slide-inner\"><img decoding=\"async\" class=\"swiper-slide-image\" src=\"https:\/\/netbis.sk\/modely\/wp-content\/uploads\/elementor\/thumbs\/2018-03-04-10.24.57-ppq8xp8zlkyaosc29z26a5qqw1a16y65f2v3990lhs.jpg\" alt=\"2018-03-04 10.24.57\" \/><\/figure><\/div><div class=\"swiper-slide\" role=\"group\" aria-roledescription=\"slide\" aria-label=\"19 of 26\"><figure class=\"swiper-slide-inner\"><img decoding=\"async\" class=\"swiper-slide-image\" src=\"https:\/\/netbis.sk\/modely\/wp-content\/uploads\/elementor\/thumbs\/2019-01-25-13.03.48-ppq8iz40j0skspq49lwl7virupv0lnpje6x8l6umz4.jpg\" alt=\"2019-01-25 13.03.48\" \/><\/figure><\/div><div class=\"swiper-slide\" role=\"group\" aria-roledescription=\"slide\" aria-label=\"20 of 26\"><figure class=\"swiper-slide-inner\"><img decoding=\"async\" class=\"swiper-slide-image\" src=\"https:\/\/netbis.sk\/modely\/wp-content\/uploads\/elementor\/thumbs\/2020-07-26-07.57.59-ppq8efk3hukookbosn7i60skho95ebo8rper31l51s.jpg\" alt=\"2020-07-26 07.57.59\" \/><\/figure><\/div><div class=\"swiper-slide\" role=\"group\" aria-roledescription=\"slide\" aria-label=\"21 of 26\"><figure class=\"swiper-slide-inner\"><img decoding=\"async\" class=\"swiper-slide-image\" src=\"https:\/\/netbis.sk\/modely\/wp-content\/uploads\/elementor\/thumbs\/2020-07-20-19.22.28-ppq8e8z860bofal8v2d46kgcbz5kwfy4esucq3uw9c.jpg\" alt=\"2020-07-20 19.22.28\" \/><\/figure><\/div><div class=\"swiper-slide\" role=\"group\" aria-roledescription=\"slide\" aria-label=\"22 of 26\"><figure class=\"swiper-slide-inner\"><img decoding=\"async\" class=\"swiper-slide-image\" src=\"https:\/\/netbis.sk\/modely\/wp-content\/uploads\/elementor\/thumbs\/bana139-ppq87yg4expkp9qalug0znm96464ddyt7nmc2f6rww.jpg\" alt=\"bana139\" \/><\/figure><\/div><div class=\"swiper-slide\" role=\"group\" aria-roledescription=\"slide\" aria-label=\"23 of 26\"><figure class=\"swiper-slide-inner\"><img decoding=\"async\" class=\"swiper-slide-image\" src=\"https:\/\/netbis.sk\/modely\/wp-content\/uploads\/elementor\/thumbs\/P1150813-ppq7vjys8mqdihqu0zg8laab03art5qb69qp3zks0g.jpg\" alt=\"P1150813\" \/><\/figure><\/div><div class=\"swiper-slide\" role=\"group\" aria-roledescription=\"slide\" aria-label=\"24 of 26\"><figure class=\"swiper-slide-inner\"><img decoding=\"async\" class=\"swiper-slide-image\" src=\"https:\/\/netbis.sk\/modely\/wp-content\/uploads\/elementor\/thumbs\/p1150234-ppf5ys24tf714za3nisc4lcc5uajiqd6p7s9hh2b4g.jpg\" alt=\"p1150234\" \/><\/figure><\/div><div class=\"swiper-slide\" role=\"group\" aria-roledescription=\"slide\" aria-label=\"25 of 26\"><figure class=\"swiper-slide-inner\"><img decoding=\"async\" class=\"swiper-slide-image\" src=\"https:\/\/netbis.sk\/modely\/wp-content\/uploads\/elementor\/thumbs\/p1150302-ppf5ywrbrldgr139w2tgz25n4rndl7vudv1ovuvc9c.jpg\" alt=\"p1150302\" \/><\/figure><\/div><div class=\"swiper-slide\" role=\"group\" aria-roledescription=\"slide\" aria-label=\"26 of 26\"><figure class=\"swiper-slide-inner\"><img decoding=\"async\" class=\"swiper-slide-image\" src=\"https:\/\/netbis.sk\/modely\/wp-content\/uploads\/elementor\/thumbs\/P1190624-1-ppdfrvbg0saoy5f6b8o8j2nq4jlc4x1tvn5ktiptxs.jpg\" alt=\"P1190624\" \/><\/figure><\/div>\t\t\t<\/div>\n\t\t\t\t\t\t\t\n\t\t\t\t\t\t\t\t\t<\/div>\n\t\t\t\t\t\t<\/div>\n\t\t\t\t<\/div>\n\t\t\t\t\t<\/div>\n\t\t<\/div>\n\t\t\t\t\t<\/div>\n\t\t<\/section>\n\t\t\t\t<\/div>\n\t\t","protected":false},"excerpt":{"rendered":"<p>Faktura\u010dn\u00e9 \u00fadaje Vi\u0161\u0148ovsk\u00e9ho 3 969 01 Bansk\u00e1 \u0160tiavnica NEJEDN\u00c1 SA O ADRESU PREV\u00c1DZKY I\u010cO: 521 41 306 DI\u010c: 212 090 4346 Nie sme platcami DPH!!! Kontaktn\u00e9 \u00fadaje tel: +421 910 530 030 email: modely@netbis.sk Please enable JavaScript in your browser to complete this form.Meno *Email *Telef\u00f3nVa\u0161a spr\u00e1va alebo ot\u00e1zka *S\u00fahlas so spracovan\u00edm osobn\u00fdch \u00fadajov * [&hellip;]<\/p>\n","protected":false},"author":1,"featured_media":0,"parent":0,"menu_order":0,"comment_status":"closed","ping_status":"closed","template":"","meta":{"postBodyCss":"","postBodyMargin":[],"postBodyPadding":[],"postBodyBackground":{"backgroundType":"classic","gradient":""},"footnotes":""},"class_list":["post-133","page","type-page","status-publish","hentry"],"jetpack_sharing_enabled":true,"_links":{"self":[{"href":"https:\/\/netbis.sk\/modely\/wp-json\/wp\/v2\/pages\/133","targetHints":{"allow":["GET"]}}],"collection":[{"href":"https:\/\/netbis.sk\/modely\/wp-json\/wp\/v2\/pages"}],"about":[{"href":"https:\/\/netbis.sk\/modely\/wp-json\/wp\/v2\/types\/page"}],"author":[{"embeddable":true,"href":"https:\/\/netbis.sk\/modely\/wp-json\/wp\/v2\/users\/1"}],"replies":[{"embeddable":true,"href":"https:\/\/netbis.sk\/modely\/wp-json\/wp\/v2\/comments?post=133"}],"version-history":[{"count":0,"href":"https:\/\/netbis.sk\/modely\/wp-json\/wp\/v2\/pages\/133\/revisions"}],"wp:attachment":[{"href":"https:\/\/netbis.sk\/modely\/wp-json\/wp\/v2\/media?parent=133"}],"curies":[{"name":"wp","href":"https:\/\/api.w.org\/{rel}","templated":true}]}}