{"id":358,"date":"2022-05-15T15:13:26","date_gmt":"2022-05-15T13:13:26","guid":{"rendered":"https:\/\/netbis.sk\/modely\/?page_id=358"},"modified":"2022-07-07T18:11:54","modified_gmt":"2022-07-07T16:11:54","slug":"zasady-ochrany-osobnych-udajov-gdpr","status":"publish","type":"page","link":"https:\/\/netbis.sk\/modely\/zasady-ochrany-osobnych-udajov-gdpr\/","title":{"rendered":"Z\u00e1sady ochrany osobn\u00fdch \u00fadajov GDPR"},"content":{"rendered":"\t\t<div data-elementor-type=\"wp-page\" data-elementor-id=\"358\" class=\"elementor elementor-358\" data-elementor-settings=\"{&quot;ha_cmc_init_switcher&quot;:&quot;no&quot;}\">\n\t\t\t\t\t\t<section class=\"elementor-section elementor-top-section elementor-element elementor-element-b81a7a2 elementor-section-boxed elementor-section-height-default elementor-section-height-default\" data-id=\"b81a7a2\" data-element_type=\"section\" data-e-type=\"section\" data-settings=\"{&quot;_ha_eqh_enable&quot;:false}\">\n\t\t\t\t\t\t<div class=\"elementor-container elementor-column-gap-default\">\n\t\t\t\t\t<div class=\"elementor-column elementor-col-100 elementor-top-column elementor-element elementor-element-04e7c86\" data-id=\"04e7c86\" data-element_type=\"column\" data-e-type=\"column\" data-settings=\"{&quot;background_background&quot;:&quot;classic&quot;}\">\n\t\t\t<div class=\"elementor-widget-wrap elementor-element-populated\">\n\t\t\t\t\t\t<div class=\"elementor-element elementor-element-3855d48 elementor-widget elementor-widget-text-editor\" data-id=\"3855d48\" data-element_type=\"widget\" data-e-type=\"widget\" data-widget_type=\"text-editor.default\">\n\t\t\t\t<div class=\"elementor-widget-container\">\n\t\t\t\t\t\t\t\t\t<div class=\"page\" data-page-number=\"1\" data-loaded=\"true\"><div class=\"textLayer\"><p class=\"western\"><span style=\"font-family: Arial, serif;\">Netbis s.r.o. sprac\u00fava Va\u0161e osobn\u00e9 \u00fadaje najm\u00e4 v s\u00favislosti s ni\u017e\u0161ie uveden\u00fdmi slu\u017ebami:<\/span><\/p><p class=\"western\" style=\"padding-left: 40px;\"><span style=\"font-family: Arial, serif;\">&#8211; poskytovanie slu\u017eieb inzercie a reklamn\u00e9ho priestoru<br \/>&#8211; poskytovanie online slu\u017eieb<br \/>&#8211; poskytovanie web slu\u017eieb<br \/>&#8211; poskytovanie cloud slu\u017eieb<br \/>&#8211; poskytovanie in\u00fdch slu\u017eieb spojen\u00fdch s \u010dinnos\u0165ou a slu\u017ebami spolo\u010dnosti Netbis s.r.o.<br \/>&#8211; \u010falej len &#8222;slu\u017eby&#8220;<\/span><\/p><p class=\"western\"><span style=\"font-family: Arial, serif;\">Netbis s.r.o. sprac\u00fava Va\u0161e nasledovn\u00e9 osobn\u00e9 \u00fadaje v rozsahu nevyhnutnom na poskytnutie slu\u017eieb a to:<\/span><\/p><p class=\"western\" style=\"padding-left: 40px;\"><span style=\"font-family: Arial, serif;\">&#8211; meno, priezvisko, n\u00e1zov spolo\u010dnosti<br \/>&#8211; adresa bydliska alebo s\u00eddlo spolo\u010dnosti<br \/>&#8211; email a telefonick\u00fd kontakt<br \/>&#8211; faktura\u010dn\u00e9 a platobn\u00e9 \u00fadaje<br \/>&#8211; adresa vykonania\/poskytnutia slu\u017eby<\/span><\/p><p class=\"western\"><span style=\"font-family: Arial, serif;\">V pr\u00edpade ot\u00e1zok s\u00favisiacich so sprac\u00favan\u00edm Va\u0161ich osobn\u00fdch \u00fadajov n\u00e1s kontaktujte prostredn\u00edctvom emailovej adresy netbis@netbis.sk, pr\u00edpadne po\u0161tou na adrese Netbis s.r.o., Vi\u0161\u0148ovsk\u00e9ho 3, 969 01 Bansk\u00e1 \u0160tiavnica<\/span><\/p><p class=\"western\"><span style=\"font-family: Arial, serif;\">Na\u0161im cie\u013eom je poskytova\u0165 V\u00e1m kvalitn\u00e9 slu\u017eby vo v\u0161etk\u00fdch oblastiach n\u00e1\u0161ho podnikania. Pre zaru\u010denie vysokej kvality na\u0161ich slu\u017eieb sprac\u00favame Va\u0161e \u00fadaje a to v rozsahu nevyhnutnom pre poskytovanie na\u0161ich slu\u017eieb pre V\u00e1s.<\/span><\/p><p class=\"western\"><span style=\"font-family: Arial, serif;\">Zaslan\u00edm objedn\u00e1vky, po\u017eiadavkou na cenov\u00fa ponuku a podobne s\u00fahlas\u00edte so spracovan\u00edm osobn\u00fdch \u00fadajov v rozsahu nevyhnutnom na poskytnutie slu\u017eieb a spracovanie Va\u0161ej po\u017eiadavky. <\/span><span style=\"font-family: Arial, serif;\">O<\/span><span style=\"font-family: Arial, serif;\">sobn\u00e9 \u00fadaje bud\u00fa spracovan\u00e9 iba na\u0161im syst\u00e9mom za \u00fa\u010delom a v nevyhnutnom rozsahu na poskytnutie slu\u017eby a faktur\u00e1ciu, nebud\u00fa poskytnut\u00e9 tretej osobe.<\/span><\/p><p class=\"western\"><span style=\"font-family: Arial, serif;\">Va\u0161e osobn\u00e9 \u00fadaje sprac\u00favame iba na dobu nevyhnutn\u00fa, po\u010das trvania poskytovania slu\u017eieb, v pr\u00edpade zmluvn\u00e9ho obchodn\u00e9ho vz\u0165ahu po\u010das celej doby trvania uzavret\u00e9ho zmluvn\u00e9ho vz\u0165ahu.<\/span><\/p><p class=\"western\"><span style=\"font-family: Arial, serif;\">Pokia\u013e ste udelili s\u00fahlas na\u0161ej spolo\u010dnosti na informovanie o aktu\u00e1lnych ponuk\u00e1ch, akci\u00e1ch, z\u013eav\u00e1ch a in\u00fdch komer\u010dn\u00fdch inform\u00e1ci\u00e1ch n\u00e1s, ako aj na\u0161ich obchodn\u00fdch partnerov, Va\u0161e osobn\u00e9 \u00fadaje sprac\u00favame za t\u00fdmto \u00fa\u010delom a\u017e do odvolania V\u00e1\u0161ho s\u00fahlasu. V\u00e1\u0161 s\u00fahlas m\u00f4\u017eete kedyko\u013evek odvola\u0165 p\u00edsomne na adresu spolo\u010dnosti, pr\u00edpadne mailom na netbis@netbis.sk.<\/span><\/p><p class=\"western\"><span style=\"font-family: Arial, serif;\">Ako osoba, ktorej osobn\u00e9 \u00fadaje sprac\u00favame m\u00e1te pod\u013ea kapitoly III Nariadenia Eur\u00f3pskeho Parlamentu a Rady (E\u00da) 2016\/679 o ochrane fyzick\u00fdch os\u00f4b pri sprac\u00favan\u00ed osobn\u00fdch \u00fadajov a o vo\u013enom pohybe tak\u00fdchto \u00fadajov, ktor\u00fdm sa zru\u0161uje smernica 95\/46\/ES pr\u00e1vo najm\u00e4 na:<\/span><\/p><p class=\"western\" style=\"padding-left: 40px;\"><span style=\"font-family: Arial, serif;\">1. inform\u00e1cie a ozn\u00e1menia t\u00fdkaj\u00face sa sprac\u00favania osobn\u00fdch \u00fadajov a to v stru\u010dnej, zrozumite\u013enej, transparentnej a \u013eahko dostupnej forme. Inform\u00e1cie musia by\u0165 jasne a jednoducho poskytnut\u00e9 p\u00edsomne alebo in\u00fdmi elektronick\u00fdmi prostriedkami<br \/>2. pr\u00edstup k Va\u0161im osobn\u00fdm \u00fadajom<br \/>3. opravu Va\u0161ich osobn\u00fdch \u00fadajov<br \/>4. vymazanie Va\u0161ich osobn\u00fdch \u00fadajov<br \/>5. obmedzenie spracovania Va\u0161ich osobn\u00fdch \u00fadajov<br \/>6. pr\u00e1vo na ozn\u00e1menie zmeny alebo opravy Va\u0161ich osobn\u00fdch \u00fadajov<br \/>7. pr\u00e1vo na prenosnos\u0165 osobn\u00fdch \u00fadajov k in\u00e9mu poskytovate\u013eovi, ak sa ich sprac\u00favanie vykon\u00e1va na z\u00e1klade s\u00fahlasu alebo zmluvy a vykon\u00e1va sa automatizovan\u00fdmi prostriedkami<br \/>8. pr\u00e1vo namieta\u0165 proti sprac\u00favaniu Va\u0161ich osobn\u00fdch \u00fadajov, pokia\u013e je sprac\u00favanie realizovan\u00e9 na z\u00e1klade opr\u00e1vnen\u00e9ho z\u00e1ujmu<br \/>9. kedyko\u013evek odvola\u0165 s\u00fahlas so sprac\u00favan\u00edm osobn\u00fdch \u00fadajov<br \/>10. pr\u00e1vo poda\u0165 s\u0165a\u017enos\u0165 dozorn\u00e9mu org\u00e1nu, tj \u00daradu na ochranu osobn\u00fdch \u00fadajom Slovenskej republiky, web: www.dataprotection.gov.sk\/uoou\/<\/span><\/p><p class=\"western\"><span style=\"font-family: Arial, serif;\">Netbis s.r.o. m\u00e1 pr\u00e1vo v pr\u00edpade uplatnenia pr\u00e1va na namietanie sprac\u00favania osobn\u00fdch \u00fadajov alebo v pr\u00edpade uplatnenia pr\u00e1va o vymazanie Va\u0161ich osobn\u00fdch \u00fadajov odst\u00fapi\u0165 od poskytovania slu\u017eieb a ukon\u010di\u0165 v\u0161etky pr\u00e1vne z\u00e1klady vr\u00e1tane zmluvn\u00fdch vz\u0165ahov s dotknutou osobou. Tieto pr\u00e1va si m\u00f4\u017eete uplatni\u0165 mailom na adrese netbis@netbis.sk alebo p\u00edsomne po\u0161tou na adrese Netbis s.r.o., Vi\u0161\u0148ovsk\u00e9ho 3, 969 01 Bansk\u00e1 \u0160tiavnica. Odvolanie s\u00fahlasu nem\u00e1 vplyv na z\u00e1konnos\u0165 sprac\u00favania osobn\u00fdch \u00fadajov zalo\u017een\u00e9ho na s\u00fahlase pred jeho odvolan\u00edm<\/span><\/p><p class=\"western\"><span style=\"font-family: Arial, serif;\">Dotknut\u00e1 osoba m\u00e1 pr\u00e1vo poda\u0165 n\u00e1vrh na za\u010datie konania, poskytnutie osobn\u00fdch \u00fadajov je po\u017eiadavkou, ktor\u00e1 je potrebn\u00e1 na uzavretie zmluvy; z\u00e1kazn\u00edk (dotknut\u00e1 osoba) \u00fadaje nie je povinn\u00e1 poskytn\u00fa\u0165, ak \u00fadaje neposkytne, objedn\u00e1vka nebude spracovan\u00e1, zmluva nebude uzavret\u00e1. Poskytovanie telef\u00f3nneho \u010d\u00edsla, e-mailu nie je z\u00e1konnou alebo zmluvnou po\u017eiadavkou, alebo po\u017eiadavkou,ktor\u00e1 je potrebn\u00e1 na uzavretie zmluvy, e-mail nie ste povinn\u00fd poskytn\u00fa\u0165, ak telef\u00f3nne \u010d\u00edslo, e-mail neposkytnete, nebudeme komunikova\u0165 telefonicky a e-mailom<\/span><\/p><p class=\"western\"><span style=\"font-family: Arial, serif;\">Na\u0161a spolo\u010dnos\u0165 uchov\u00e1va Va\u0161e osobn\u00e9 \u00fadaje nevyhnutn\u00e9 na poskytovanie slu\u017eieb v zabezpe\u010denej datab\u00e1ze. Netbis s.r.o. podnikol v\u0161etky mo\u017en\u00e9 opatrenia, aby tieto \u00fadaje zabezpe\u010dila pred neopr\u00e1vnen\u00fdm zneu\u017eit\u00edm a pred z\u00e1sahom tretej osoby. T\u00fdmto V\u00e1s chceme upozorni\u0165, \u017ee na\u0161a spolo\u010dnos\u0165 nenesie zodpovednos\u0165 za pr\u00edpadn\u00e9 zneu\u017eitie alebo pr\u00edstup tretej osoby zo strany u\u017e\u00edvate\u013ea, kedy tretia osoba z\u00edska pr\u00edstup k profilu jednotliv\u00fdch u\u017e\u00edvate\u013eov slu\u017eieb alebo k ich \u00fa\u010dtom.<\/span><\/p><p class=\"western\"><span style=\"font-family: Arial, serif;\">Marek Duda, konate\u013e spolo\u010dnosti Netbis s.r.o.<\/span><\/p><\/div><\/div>\t\t\t\t\t\t\t\t<\/div>\n\t\t\t\t<\/div>\n\t\t\t\t\t<\/div>\n\t\t<\/div>\n\t\t\t\t\t<\/div>\n\t\t<\/section>\n\t\t\t\t<\/div>\n\t\t","protected":false},"excerpt":{"rendered":"<p>Netbis s.r.o. sprac\u00fava Va\u0161e osobn\u00e9 \u00fadaje najm\u00e4 v s\u00favislosti s ni\u017e\u0161ie uveden\u00fdmi slu\u017ebami: &#8211; poskytovanie slu\u017eieb inzercie a reklamn\u00e9ho priestoru&#8211; poskytovanie online slu\u017eieb&#8211; poskytovanie web slu\u017eieb&#8211; poskytovanie cloud slu\u017eieb&#8211; poskytovanie in\u00fdch slu\u017eieb spojen\u00fdch s \u010dinnos\u0165ou a slu\u017ebami spolo\u010dnosti Netbis s.r.o.&#8211; \u010falej len &#8222;slu\u017eby&#8220; Netbis s.r.o. sprac\u00fava Va\u0161e nasledovn\u00e9 osobn\u00e9 \u00fadaje v rozsahu nevyhnutnom na poskytnutie [&hellip;]<\/p>\n","protected":false},"author":1,"featured_media":0,"parent":0,"menu_order":0,"comment_status":"closed","ping_status":"closed","template":"","meta":{"postBodyCss":"","postBodyMargin":[],"postBodyPadding":[],"postBodyBackground":{"backgroundType":"classic","gradient":""},"footnotes":""},"class_list":["post-358","page","type-page","status-publish","hentry"],"jetpack_sharing_enabled":true,"_links":{"self":[{"href":"https:\/\/netbis.sk\/modely\/wp-json\/wp\/v2\/pages\/358","targetHints":{"allow":["GET"]}}],"collection":[{"href":"https:\/\/netbis.sk\/modely\/wp-json\/wp\/v2\/pages"}],"about":[{"href":"https:\/\/netbis.sk\/modely\/wp-json\/wp\/v2\/types\/page"}],"author":[{"embeddable":true,"href":"https:\/\/netbis.sk\/modely\/wp-json\/wp\/v2\/users\/1"}],"replies":[{"embeddable":true,"href":"https:\/\/netbis.sk\/modely\/wp-json\/wp\/v2\/comments?post=358"}],"version-history":[{"count":0,"href":"https:\/\/netbis.sk\/modely\/wp-json\/wp\/v2\/pages\/358\/revisions"}],"wp:attachment":[{"href":"https:\/\/netbis.sk\/modely\/wp-json\/wp\/v2\/media?parent=358"}],"curies":[{"name":"wp","href":"https:\/\/api.w.org\/{rel}","templated":true}]}}