{"id":1137,"date":"2022-07-02T18:59:07","date_gmt":"2022-07-02T16:59:07","guid":{"rendered":"https:\/\/netbis.sk\/modely\/?post_type=product&#038;p=1137"},"modified":"2025-10-20T13:32:38","modified_gmt":"2025-10-20T11:32:38","slug":"pripravok-na-upravu-neizolovanych-naprav-4-kusy-h0","status":"publish","type":"product","link":"https:\/\/netbis.sk\/modely\/produkt\/pripravok-na-upravu-neizolovanych-naprav-4-kusy-h0\/","title":{"rendered":"Pr\u00edpravok na \u00fapravu neizolovan\u00fdch n\u00e1prav, 4 kusy, H0"},"content":{"rendered":"<p>Pr\u00edpravok na \u00fapravu neizolovan\u00fdch kolies na izolovan\u00e9, materi\u00e1l rezin, na osku s priemerom 2mm. Balenie obsahuje 4 kusy. Oska n\u00e1pravy sa v strede prere\u017ee, mierne skr\u00e1ti, vsunie do pr\u00edpravku a cez bo\u010dn\u00e9 otvory zakvapne lepidlom. Pokia\u013e je potrebn\u00e9, d\u00e1 sa vrt\u00e1\u010dikom do ur\u010ditej miery zv\u00e4\u010d\u0161i\u0165 priemer na osku. Nie je mo\u017en\u00e9 lepi\u0165 lepidlom na plast.<\/p>\n","protected":false},"excerpt":{"rendered":"<p>Pr\u00edpravok na \u00fapravu neizolovan\u00fdch kolies na izolovan\u00e9, materi\u00e1l rezin. Balenie obsahuje 4 kusy.<\/p>\n","protected":false},"featured_media":1314,"comment_status":"closed","ping_status":"closed","template":"","meta":{"postBodyCss":"","postBodyMargin":[],"postBodyPadding":[],"postBodyBackground":{"backgroundType":"classic","gradient":""}},"product_brand":[],"product_cat":[23,19],"product_tag":[],"class_list":{"0":"post-1137","1":"product","2":"type-product","3":"status-publish","4":"has-post-thumbnail","6":"product_cat-doplnky-na-vozne","7":"product_cat-h0","9":"first","10":"onbackorder","11":"shipping-taxable","12":"purchasable","13":"product-type-simple"},"jetpack_sharing_enabled":true,"_links":{"self":[{"href":"https:\/\/netbis.sk\/modely\/wp-json\/wp\/v2\/product\/1137","targetHints":{"allow":["GET"]}}],"collection":[{"href":"https:\/\/netbis.sk\/modely\/wp-json\/wp\/v2\/product"}],"about":[{"href":"https:\/\/netbis.sk\/modely\/wp-json\/wp\/v2\/types\/product"}],"replies":[{"embeddable":true,"href":"https:\/\/netbis.sk\/modely\/wp-json\/wp\/v2\/comments?post=1137"}],"wp:featuredmedia":[{"embeddable":true,"href":"https:\/\/netbis.sk\/modely\/wp-json\/wp\/v2\/media\/1314"}],"wp:attachment":[{"href":"https:\/\/netbis.sk\/modely\/wp-json\/wp\/v2\/media?parent=1137"}],"wp:term":[{"taxonomy":"product_brand","embeddable":true,"href":"https:\/\/netbis.sk\/modely\/wp-json\/wp\/v2\/product_brand?post=1137"},{"taxonomy":"product_cat","embeddable":true,"href":"https:\/\/netbis.sk\/modely\/wp-json\/wp\/v2\/product_cat?post=1137"},{"taxonomy":"product_tag","embeddable":true,"href":"https:\/\/netbis.sk\/modely\/wp-json\/wp\/v2\/product_tag?post=1137"}],"curies":[{"name":"wp","href":"https:\/\/api.w.org\/{rel}","templated":true}]}}