{"id":1318,"date":"2022-07-19T17:21:48","date_gmt":"2022-07-19T15:21:48","guid":{"rendered":"https:\/\/netbis.sk\/modely\/?post_type=product&#038;p=1318"},"modified":"2025-10-20T13:34:18","modified_gmt":"2025-10-20T11:34:18","slug":"latrina-sada-2-kusy-h0","status":"publish","type":"product","link":"https:\/\/netbis.sk\/modely\/produkt\/latrina-sada-2-kusy-h0\/","title":{"rendered":"Latr\u00edna, sada 2 kusy, H0"},"content":{"rendered":"<p>Latr\u00edna, sada 2 kusy, mierka H0. Jedna m\u00e1 zatvoren\u00e9 dvere, druh\u00e1 pootvoren\u00e9, nie je mo\u017en\u00e9 dvere otv\u00e1ra\u0165 alebo zatv\u00e1ra\u0165. Je to 3D tla\u010d, materi\u00e1l rezin. POZOR: nie je mo\u017en\u00e9 lepi\u0165 lepidlom na plast<\/p>\n","protected":false},"excerpt":{"rendered":"<p>Latr\u00edna, sada 2 kusy, mierka H0<\/p>\n","protected":false},"featured_media":1319,"comment_status":"closed","ping_status":"closed","template":"","meta":{"postBodyCss":"","postBodyMargin":[],"postBodyPadding":[],"postBodyBackground":{"backgroundType":"classic","gradient":""}},"product_brand":[],"product_cat":[24,19],"product_tag":[],"class_list":{"0":"post-1318","1":"product","2":"type-product","3":"status-publish","4":"has-post-thumbnail","6":"product_cat-detaily-krajiny","7":"product_cat-h0","9":"first","10":"onbackorder","11":"shipping-taxable","12":"purchasable","13":"product-type-variable"},"jetpack_sharing_enabled":true,"_links":{"self":[{"href":"https:\/\/netbis.sk\/modely\/wp-json\/wp\/v2\/product\/1318","targetHints":{"allow":["GET"]}}],"collection":[{"href":"https:\/\/netbis.sk\/modely\/wp-json\/wp\/v2\/product"}],"about":[{"href":"https:\/\/netbis.sk\/modely\/wp-json\/wp\/v2\/types\/product"}],"replies":[{"embeddable":true,"href":"https:\/\/netbis.sk\/modely\/wp-json\/wp\/v2\/comments?post=1318"}],"wp:featuredmedia":[{"embeddable":true,"href":"https:\/\/netbis.sk\/modely\/wp-json\/wp\/v2\/media\/1319"}],"wp:attachment":[{"href":"https:\/\/netbis.sk\/modely\/wp-json\/wp\/v2\/media?parent=1318"}],"wp:term":[{"taxonomy":"product_brand","embeddable":true,"href":"https:\/\/netbis.sk\/modely\/wp-json\/wp\/v2\/product_brand?post=1318"},{"taxonomy":"product_cat","embeddable":true,"href":"https:\/\/netbis.sk\/modely\/wp-json\/wp\/v2\/product_cat?post=1318"},{"taxonomy":"product_tag","embeddable":true,"href":"https:\/\/netbis.sk\/modely\/wp-json\/wp\/v2\/product_tag?post=1318"}],"curies":[{"name":"wp","href":"https:\/\/api.w.org\/{rel}","templated":true}]}}