{"id":1739,"date":"2022-10-27T10:36:43","date_gmt":"2022-10-27T08:36:43","guid":{"rendered":"https:\/\/netbis.sk\/modely\/?post_type=product&#038;p=1739"},"modified":"2025-10-20T11:33:18","modified_gmt":"2025-10-20T09:33:18","slug":"velka-kablova-drevena-cievka-naklad-na-vozen-h0","status":"publish","type":"product","link":"https:\/\/netbis.sk\/modely\/produkt\/velka-kablova-drevena-cievka-naklad-na-vozen-h0\/","title":{"rendered":"Ve\u013ek\u00e1 k\u00e1blov\u00e1 dreven\u00e1 cievka &#8211; n\u00e1klad na voze\u0148 H0"},"content":{"rendered":"<p>Ve\u013ek\u00e1 k\u00e1blov\u00e1 dreven\u00e1 cievka &#8211; n\u00e1klad na voze\u0148 H0, priemer cievky 25mm, materi\u00e1l rezin, 3D tla\u010d<\/p>\n","protected":false},"excerpt":{"rendered":"<p>Ve\u013ek\u00e1 k\u00e1blov\u00e1 dreven\u00e1 cievka &#8211; n\u00e1klad na voze\u0148 H0<\/p>\n","protected":false},"featured_media":1738,"comment_status":"closed","ping_status":"closed","template":"","meta":{"postBodyCss":"","postBodyMargin":[],"postBodyPadding":[],"postBodyBackground":{"backgroundType":"classic","gradient":""}},"product_brand":[],"product_cat":[19,34],"product_tag":[],"class_list":{"0":"post-1739","1":"product","2":"type-product","3":"status-publish","4":"has-post-thumbnail","6":"product_cat-h0","7":"product_cat-naklady-na-vozne","9":"first","10":"onbackorder","11":"shipping-taxable","12":"purchasable","13":"product-type-variable"},"jetpack_sharing_enabled":true,"_links":{"self":[{"href":"https:\/\/netbis.sk\/modely\/wp-json\/wp\/v2\/product\/1739","targetHints":{"allow":["GET"]}}],"collection":[{"href":"https:\/\/netbis.sk\/modely\/wp-json\/wp\/v2\/product"}],"about":[{"href":"https:\/\/netbis.sk\/modely\/wp-json\/wp\/v2\/types\/product"}],"replies":[{"embeddable":true,"href":"https:\/\/netbis.sk\/modely\/wp-json\/wp\/v2\/comments?post=1739"}],"wp:featuredmedia":[{"embeddable":true,"href":"https:\/\/netbis.sk\/modely\/wp-json\/wp\/v2\/media\/1738"}],"wp:attachment":[{"href":"https:\/\/netbis.sk\/modely\/wp-json\/wp\/v2\/media?parent=1739"}],"wp:term":[{"taxonomy":"product_brand","embeddable":true,"href":"https:\/\/netbis.sk\/modely\/wp-json\/wp\/v2\/product_brand?post=1739"},{"taxonomy":"product_cat","embeddable":true,"href":"https:\/\/netbis.sk\/modely\/wp-json\/wp\/v2\/product_cat?post=1739"},{"taxonomy":"product_tag","embeddable":true,"href":"https:\/\/netbis.sk\/modely\/wp-json\/wp\/v2\/product_tag?post=1739"}],"curies":[{"name":"wp","href":"https:\/\/api.w.org\/{rel}","templated":true}]}}