{"id":1761,"date":"2025-10-20T11:59:35","date_gmt":"2025-10-20T09:59:35","guid":{"rendered":"https:\/\/netbis.sk\/modely\/?post_type=product&#038;p=1761"},"modified":"2025-12-10T18:29:27","modified_gmt":"2025-12-10T17:29:27","slug":"vt-34-vyslobodzovaci-tank-tt","status":"publish","type":"product","link":"https:\/\/netbis.sk\/modely\/produkt\/vt-34-vyslobodzovaci-tank-tt\/","title":{"rendered":"VT-34, vyslobodzovac\u00ed tank, TT"},"content":{"rendered":"<p>VT-34, vyslobodzovac\u00ed tank, tla\u010den\u00e9 v kuse<\/p>\n","protected":false},"excerpt":{"rendered":"<p>VT-34, vyslobodzovac\u00ed tank, TT<\/p>\n","protected":false},"featured_media":1756,"comment_status":"closed","ping_status":"closed","template":"","meta":{"postBodyCss":"","postBodyMargin":[],"postBodyPadding":[],"postBodyBackground":{"backgroundType":"classic","gradient":""}},"product_brand":[],"product_cat":[21,38],"product_tag":[],"class_list":{"0":"post-1761","1":"product","2":"type-product","3":"status-publish","4":"has-post-thumbnail","6":"product_cat-tt","7":"product_cat-vojenska-technika-tt","9":"first","10":"onbackorder","11":"shipping-taxable","12":"purchasable","13":"product-type-variable"},"jetpack_sharing_enabled":true,"_links":{"self":[{"href":"https:\/\/netbis.sk\/modely\/wp-json\/wp\/v2\/product\/1761","targetHints":{"allow":["GET"]}}],"collection":[{"href":"https:\/\/netbis.sk\/modely\/wp-json\/wp\/v2\/product"}],"about":[{"href":"https:\/\/netbis.sk\/modely\/wp-json\/wp\/v2\/types\/product"}],"replies":[{"embeddable":true,"href":"https:\/\/netbis.sk\/modely\/wp-json\/wp\/v2\/comments?post=1761"}],"wp:featuredmedia":[{"embeddable":true,"href":"https:\/\/netbis.sk\/modely\/wp-json\/wp\/v2\/media\/1756"}],"wp:attachment":[{"href":"https:\/\/netbis.sk\/modely\/wp-json\/wp\/v2\/media?parent=1761"}],"wp:term":[{"taxonomy":"product_brand","embeddable":true,"href":"https:\/\/netbis.sk\/modely\/wp-json\/wp\/v2\/product_brand?post=1761"},{"taxonomy":"product_cat","embeddable":true,"href":"https:\/\/netbis.sk\/modely\/wp-json\/wp\/v2\/product_cat?post=1761"},{"taxonomy":"product_tag","embeddable":true,"href":"https:\/\/netbis.sk\/modely\/wp-json\/wp\/v2\/product_tag?post=1761"}],"curies":[{"name":"wp","href":"https:\/\/api.w.org\/{rel}","templated":true}]}}