{"id":1768,"date":"2025-10-20T11:59:34","date_gmt":"2025-10-20T09:59:34","guid":{"rendered":"https:\/\/netbis.sk\/modely\/?post_type=product&#038;p=1768"},"modified":"2025-12-10T18:30:20","modified_gmt":"2025-12-10T17:30:20","slug":"t-34t-tahac-tankov-tt","status":"publish","type":"product","link":"https:\/\/netbis.sk\/modely\/produkt\/t-34t-tahac-tankov-tt\/","title":{"rendered":"T-34T, \u0165aha\u010d tankov, TT"},"content":{"rendered":"<p>T-34T, \u0165aha\u010d tankov, tla\u010den\u00e9 v kuse<\/p>\n","protected":false},"excerpt":{"rendered":"<p>T-34T, \u0165aha\u010d tankov, TT<\/p>\n","protected":false},"featured_media":1763,"comment_status":"closed","ping_status":"closed","template":"","meta":{"postBodyCss":"","postBodyMargin":[],"postBodyPadding":[],"postBodyBackground":{"backgroundType":"classic","gradient":""}},"product_brand":[],"product_cat":[21,38],"product_tag":[],"class_list":{"0":"post-1768","1":"product","2":"type-product","3":"status-publish","4":"has-post-thumbnail","6":"product_cat-tt","7":"product_cat-vojenska-technika-tt","9":"first","10":"onbackorder","11":"shipping-taxable","12":"purchasable","13":"product-type-variable"},"jetpack_sharing_enabled":true,"_links":{"self":[{"href":"https:\/\/netbis.sk\/modely\/wp-json\/wp\/v2\/product\/1768","targetHints":{"allow":["GET"]}}],"collection":[{"href":"https:\/\/netbis.sk\/modely\/wp-json\/wp\/v2\/product"}],"about":[{"href":"https:\/\/netbis.sk\/modely\/wp-json\/wp\/v2\/types\/product"}],"replies":[{"embeddable":true,"href":"https:\/\/netbis.sk\/modely\/wp-json\/wp\/v2\/comments?post=1768"}],"wp:featuredmedia":[{"embeddable":true,"href":"https:\/\/netbis.sk\/modely\/wp-json\/wp\/v2\/media\/1763"}],"wp:attachment":[{"href":"https:\/\/netbis.sk\/modely\/wp-json\/wp\/v2\/media?parent=1768"}],"wp:term":[{"taxonomy":"product_brand","embeddable":true,"href":"https:\/\/netbis.sk\/modely\/wp-json\/wp\/v2\/product_brand?post=1768"},{"taxonomy":"product_cat","embeddable":true,"href":"https:\/\/netbis.sk\/modely\/wp-json\/wp\/v2\/product_cat?post=1768"},{"taxonomy":"product_tag","embeddable":true,"href":"https:\/\/netbis.sk\/modely\/wp-json\/wp\/v2\/product_tag?post=1768"}],"curies":[{"name":"wp","href":"https:\/\/api.w.org\/{rel}","templated":true}]}}