{"id":1781,"date":"2022-11-19T16:28:45","date_gmt":"2022-11-19T15:28:45","guid":{"rendered":"https:\/\/netbis.sk\/modely\/?post_type=product&#038;p=1781"},"modified":"2025-10-20T11:31:02","modified_gmt":"2025-10-20T09:31:02","slug":"velka-kablova-kovova-cievka-naklad-na-vozen-tt","status":"publish","type":"product","link":"https:\/\/netbis.sk\/modely\/produkt\/velka-kablova-kovova-cievka-naklad-na-vozen-tt\/","title":{"rendered":"Ve\u013ek\u00e1 k\u00e1blov\u00e1 kovov\u00e1 cievka &#8211; n\u00e1klad na voze\u0148 TT"},"content":{"rendered":"<p>Ve\u013ek\u00e1 k\u00e1blov\u00e1 kovov\u00e1 cievka &#8211; n\u00e1klad na voze\u0148 TT, priemer cievky 16mm, materi\u00e1l rezin, 3D tla\u010d<\/p>\n","protected":false},"excerpt":{"rendered":"<p>Ve\u013ek\u00e1 k\u00e1blov\u00e1 kovov\u00e1 cievka &#8211; n\u00e1klad na voze\u0148 TT<\/p>\n","protected":false},"featured_media":1735,"comment_status":"closed","ping_status":"closed","template":"","meta":{"postBodyCss":"","postBodyMargin":[],"postBodyPadding":[],"postBodyBackground":{"backgroundType":"classic","gradient":""}},"product_brand":[],"product_cat":[35,21],"product_tag":[],"class_list":{"0":"post-1781","1":"product","2":"type-product","3":"status-publish","4":"has-post-thumbnail","6":"product_cat-naklady-na-vozne-tt","7":"product_cat-tt","9":"first","10":"onbackorder","11":"shipping-taxable","12":"purchasable","13":"product-type-variable"},"jetpack_sharing_enabled":true,"_links":{"self":[{"href":"https:\/\/netbis.sk\/modely\/wp-json\/wp\/v2\/product\/1781","targetHints":{"allow":["GET"]}}],"collection":[{"href":"https:\/\/netbis.sk\/modely\/wp-json\/wp\/v2\/product"}],"about":[{"href":"https:\/\/netbis.sk\/modely\/wp-json\/wp\/v2\/types\/product"}],"replies":[{"embeddable":true,"href":"https:\/\/netbis.sk\/modely\/wp-json\/wp\/v2\/comments?post=1781"}],"wp:featuredmedia":[{"embeddable":true,"href":"https:\/\/netbis.sk\/modely\/wp-json\/wp\/v2\/media\/1735"}],"wp:attachment":[{"href":"https:\/\/netbis.sk\/modely\/wp-json\/wp\/v2\/media?parent=1781"}],"wp:term":[{"taxonomy":"product_brand","embeddable":true,"href":"https:\/\/netbis.sk\/modely\/wp-json\/wp\/v2\/product_brand?post=1781"},{"taxonomy":"product_cat","embeddable":true,"href":"https:\/\/netbis.sk\/modely\/wp-json\/wp\/v2\/product_cat?post=1781"},{"taxonomy":"product_tag","embeddable":true,"href":"https:\/\/netbis.sk\/modely\/wp-json\/wp\/v2\/product_tag?post=1781"}],"curies":[{"name":"wp","href":"https:\/\/api.w.org\/{rel}","templated":true}]}}