{"id":1868,"date":"2023-01-28T14:16:45","date_gmt":"2023-01-28T13:16:45","guid":{"rendered":"https:\/\/netbis.sk\/modely\/?post_type=product&#038;p=1868"},"modified":"2025-10-20T11:28:43","modified_gmt":"2025-10-20T09:28:43","slug":"posunovaci-vratok-s-kladkou-tt","status":"publish","type":"product","link":"https:\/\/netbis.sk\/modely\/produkt\/posunovaci-vratok-s-kladkou-tt\/","title":{"rendered":"Posunovac\u00ed vr\u00e1tok s kladkou, TT"},"content":{"rendered":"<p>Posunovac\u00ed vr\u00e1tok s kladkou, mierka TT. Je to 3D tla\u010d, materi\u00e1l rezin.<\/p>\n","protected":false},"excerpt":{"rendered":"<p>Posunovac\u00ed vr\u00e1tok s kladkou, TT,<\/p>\n","protected":false},"featured_media":1867,"comment_status":"closed","ping_status":"closed","template":"","meta":{"postBodyCss":"","postBodyMargin":[],"postBodyPadding":[],"postBodyBackground":{"backgroundType":"classic","gradient":""}},"product_brand":[],"product_cat":[27,21],"product_tag":[],"class_list":{"0":"post-1868","1":"product","2":"type-product","3":"status-publish","4":"has-post-thumbnail","6":"product_cat-detaily-krajiny-tt","7":"product_cat-tt","9":"first","10":"onbackorder","11":"shipping-taxable","12":"purchasable","13":"product-type-variable"},"jetpack_sharing_enabled":true,"_links":{"self":[{"href":"https:\/\/netbis.sk\/modely\/wp-json\/wp\/v2\/product\/1868","targetHints":{"allow":["GET"]}}],"collection":[{"href":"https:\/\/netbis.sk\/modely\/wp-json\/wp\/v2\/product"}],"about":[{"href":"https:\/\/netbis.sk\/modely\/wp-json\/wp\/v2\/types\/product"}],"replies":[{"embeddable":true,"href":"https:\/\/netbis.sk\/modely\/wp-json\/wp\/v2\/comments?post=1868"}],"wp:featuredmedia":[{"embeddable":true,"href":"https:\/\/netbis.sk\/modely\/wp-json\/wp\/v2\/media\/1867"}],"wp:attachment":[{"href":"https:\/\/netbis.sk\/modely\/wp-json\/wp\/v2\/media?parent=1868"}],"wp:term":[{"taxonomy":"product_brand","embeddable":true,"href":"https:\/\/netbis.sk\/modely\/wp-json\/wp\/v2\/product_brand?post=1868"},{"taxonomy":"product_cat","embeddable":true,"href":"https:\/\/netbis.sk\/modely\/wp-json\/wp\/v2\/product_cat?post=1868"},{"taxonomy":"product_tag","embeddable":true,"href":"https:\/\/netbis.sk\/modely\/wp-json\/wp\/v2\/product_tag?post=1868"}],"curies":[{"name":"wp","href":"https:\/\/api.w.org\/{rel}","templated":true}]}}