{"id":1984,"date":"2023-07-30T15:03:02","date_gmt":"2023-07-30T13:03:02","guid":{"rendered":"https:\/\/netbis.sk\/modely\/?post_type=product&#038;p=1984"},"modified":"2025-10-20T11:27:03","modified_gmt":"2025-10-20T09:27:03","slug":"rozvodna-k-stanicnym-lampam-mala-h0","status":"publish","type":"product","link":"https:\/\/netbis.sk\/modely\/produkt\/rozvodna-k-stanicnym-lampam-mala-h0\/","title":{"rendered":"Rozvod\u0148a k stani\u010dn\u00fdm lamp\u00e1m, mal\u00e1, H0"},"content":{"rendered":"<p class=\"elementor-heading-title elementor-size-default\">Rozvod\u0148a k stani\u010dn\u00fdm lamp\u00e1m, mal\u00e1, H0, 3D tla\u010d, materi\u00e1l rezin.<\/p>\n","protected":false},"excerpt":{"rendered":"<p>Rozvod\u0148a k stani\u010dn\u00fdm lamp\u00e1m, mal\u00e1, H0<\/p>\n","protected":false},"featured_media":1979,"comment_status":"closed","ping_status":"closed","template":"","meta":{"postBodyCss":"","postBodyMargin":[],"postBodyPadding":[],"postBodyBackground":{"backgroundType":"classic","gradient":""}},"product_brand":[],"product_cat":[24,19],"product_tag":[],"class_list":{"0":"post-1984","1":"product","2":"type-product","3":"status-publish","4":"has-post-thumbnail","6":"product_cat-detaily-krajiny","7":"product_cat-h0","9":"first","10":"onbackorder","11":"shipping-taxable","12":"purchasable","13":"product-type-variable"},"jetpack_sharing_enabled":true,"_links":{"self":[{"href":"https:\/\/netbis.sk\/modely\/wp-json\/wp\/v2\/product\/1984","targetHints":{"allow":["GET"]}}],"collection":[{"href":"https:\/\/netbis.sk\/modely\/wp-json\/wp\/v2\/product"}],"about":[{"href":"https:\/\/netbis.sk\/modely\/wp-json\/wp\/v2\/types\/product"}],"replies":[{"embeddable":true,"href":"https:\/\/netbis.sk\/modely\/wp-json\/wp\/v2\/comments?post=1984"}],"wp:featuredmedia":[{"embeddable":true,"href":"https:\/\/netbis.sk\/modely\/wp-json\/wp\/v2\/media\/1979"}],"wp:attachment":[{"href":"https:\/\/netbis.sk\/modely\/wp-json\/wp\/v2\/media?parent=1984"}],"wp:term":[{"taxonomy":"product_brand","embeddable":true,"href":"https:\/\/netbis.sk\/modely\/wp-json\/wp\/v2\/product_brand?post=1984"},{"taxonomy":"product_cat","embeddable":true,"href":"https:\/\/netbis.sk\/modely\/wp-json\/wp\/v2\/product_cat?post=1984"},{"taxonomy":"product_tag","embeddable":true,"href":"https:\/\/netbis.sk\/modely\/wp-json\/wp\/v2\/product_tag?post=1984"}],"curies":[{"name":"wp","href":"https:\/\/api.w.org\/{rel}","templated":true}]}}