{"id":2008,"date":"2023-10-04T18:58:53","date_gmt":"2023-10-04T16:58:53","guid":{"rendered":"https:\/\/netbis.sk\/modely\/?post_type=product&#038;p=2008"},"modified":"2025-10-20T11:14:35","modified_gmt":"2025-10-20T09:14:35","slug":"konsky-povoz-s-rebrinakom-h0","status":"publish","type":"product","link":"https:\/\/netbis.sk\/modely\/produkt\/konsky-povoz-s-rebrinakom-h0\/","title":{"rendered":"Konsk\u00fd povoz s rebri\u0148\u00e1kom, H0"},"content":{"rendered":"<p>Konsk\u00fd povoz s rebri\u0148\u00e1kom, H0. 3D tla\u010d z rezinu. Obsahuje rebri\u0148\u00e1k s oto\u010dnou prednou n\u00e1pravou, dva kone a furmana.<\/p>\n","protected":false},"excerpt":{"rendered":"<p>Konsk\u00fd povoz s rebri\u0148\u00e1kom, H0. 3D tla\u010d z rezinu.<\/p>\n","protected":false},"featured_media":2007,"comment_status":"closed","ping_status":"closed","template":"","meta":{"postBodyCss":"","postBodyMargin":[],"postBodyPadding":[],"postBodyBackground":{"backgroundType":"classic","gradient":""}},"product_brand":[],"product_cat":[40,19],"product_tag":[],"class_list":{"0":"post-2008","1":"product","2":"type-product","3":"status-publish","4":"has-post-thumbnail","6":"product_cat-figurky","7":"product_cat-h0","9":"first","10":"onbackorder","11":"shipping-taxable","12":"purchasable","13":"product-type-variable"},"jetpack_sharing_enabled":true,"_links":{"self":[{"href":"https:\/\/netbis.sk\/modely\/wp-json\/wp\/v2\/product\/2008","targetHints":{"allow":["GET"]}}],"collection":[{"href":"https:\/\/netbis.sk\/modely\/wp-json\/wp\/v2\/product"}],"about":[{"href":"https:\/\/netbis.sk\/modely\/wp-json\/wp\/v2\/types\/product"}],"replies":[{"embeddable":true,"href":"https:\/\/netbis.sk\/modely\/wp-json\/wp\/v2\/comments?post=2008"}],"wp:featuredmedia":[{"embeddable":true,"href":"https:\/\/netbis.sk\/modely\/wp-json\/wp\/v2\/media\/2007"}],"wp:attachment":[{"href":"https:\/\/netbis.sk\/modely\/wp-json\/wp\/v2\/media?parent=2008"}],"wp:term":[{"taxonomy":"product_brand","embeddable":true,"href":"https:\/\/netbis.sk\/modely\/wp-json\/wp\/v2\/product_brand?post=2008"},{"taxonomy":"product_cat","embeddable":true,"href":"https:\/\/netbis.sk\/modely\/wp-json\/wp\/v2\/product_cat?post=2008"},{"taxonomy":"product_tag","embeddable":true,"href":"https:\/\/netbis.sk\/modely\/wp-json\/wp\/v2\/product_tag?post=2008"}],"curies":[{"name":"wp","href":"https:\/\/api.w.org\/{rel}","templated":true}]}}