{"id":2012,"date":"2023-10-04T19:02:39","date_gmt":"2023-10-04T17:02:39","guid":{"rendered":"https:\/\/netbis.sk\/modely\/?post_type=product&#038;p=2012"},"modified":"2025-10-20T09:55:03","modified_gmt":"2025-10-20T07:55:03","slug":"zaprah-volov-s-vozom-tt","status":"publish","type":"product","link":"https:\/\/netbis.sk\/modely\/produkt\/zaprah-volov-s-vozom-tt\/","title":{"rendered":"Z\u00e1prah volov s vozom, TT"},"content":{"rendered":"<p>Z\u00e1prah volov s vozom, TT. 3D tla\u010d z rezinu. Obsahuje voz s oto\u010dnou prednou n\u00e1pravou, dva voly a furmana.<\/p>\n","protected":false},"excerpt":{"rendered":"<p>Z\u00e1prah volov s vozom, TT. 3D tla\u010d z rezinu.<\/p>\n","protected":false},"featured_media":2013,"comment_status":"closed","ping_status":"closed","template":"","meta":{"postBodyCss":"","postBodyMargin":[],"postBodyPadding":[],"postBodyBackground":{"backgroundType":"classic","gradient":""}},"product_brand":[],"product_cat":[41,21],"product_tag":[],"class_list":{"0":"post-2012","1":"product","2":"type-product","3":"status-publish","4":"has-post-thumbnail","6":"product_cat-figurkytt","7":"product_cat-tt","9":"first","10":"onbackorder","11":"shipping-taxable","12":"purchasable","13":"product-type-variable"},"jetpack_sharing_enabled":true,"_links":{"self":[{"href":"https:\/\/netbis.sk\/modely\/wp-json\/wp\/v2\/product\/2012","targetHints":{"allow":["GET"]}}],"collection":[{"href":"https:\/\/netbis.sk\/modely\/wp-json\/wp\/v2\/product"}],"about":[{"href":"https:\/\/netbis.sk\/modely\/wp-json\/wp\/v2\/types\/product"}],"replies":[{"embeddable":true,"href":"https:\/\/netbis.sk\/modely\/wp-json\/wp\/v2\/comments?post=2012"}],"wp:featuredmedia":[{"embeddable":true,"href":"https:\/\/netbis.sk\/modely\/wp-json\/wp\/v2\/media\/2013"}],"wp:attachment":[{"href":"https:\/\/netbis.sk\/modely\/wp-json\/wp\/v2\/media?parent=2012"}],"wp:term":[{"taxonomy":"product_brand","embeddable":true,"href":"https:\/\/netbis.sk\/modely\/wp-json\/wp\/v2\/product_brand?post=2012"},{"taxonomy":"product_cat","embeddable":true,"href":"https:\/\/netbis.sk\/modely\/wp-json\/wp\/v2\/product_cat?post=2012"},{"taxonomy":"product_tag","embeddable":true,"href":"https:\/\/netbis.sk\/modely\/wp-json\/wp\/v2\/product_tag?post=2012"}],"curies":[{"name":"wp","href":"https:\/\/api.w.org\/{rel}","templated":true}]}}