{"id":2014,"date":"2023-10-04T19:04:09","date_gmt":"2023-10-04T17:04:09","guid":{"rendered":"https:\/\/netbis.sk\/modely\/?post_type=product&#038;p=2014"},"modified":"2025-10-20T09:52:29","modified_gmt":"2025-10-20T07:52:29","slug":"zaprah-volov-s-vozom-h0","status":"publish","type":"product","link":"https:\/\/netbis.sk\/modely\/produkt\/zaprah-volov-s-vozom-h0\/","title":{"rendered":"Z\u00e1prah volov s vozom, H0"},"content":{"rendered":"<p>Z\u00e1prah volov s vozom, H0. 3D tla\u010d z rezinu. Obsahuje voz s oto\u010dnou prednou n\u00e1pravou, dva voly a furmana.<\/p>\n","protected":false},"excerpt":{"rendered":"<p>Z\u00e1prah volov s vozom, H0. 3D tla\u010d z rezinu.<\/p>\n","protected":false},"featured_media":2013,"comment_status":"closed","ping_status":"closed","template":"","meta":{"postBodyCss":"","postBodyMargin":[],"postBodyPadding":[],"postBodyBackground":{"backgroundType":"classic","gradient":""}},"product_brand":[],"product_cat":[40,19],"product_tag":[],"class_list":{"0":"post-2014","1":"product","2":"type-product","3":"status-publish","4":"has-post-thumbnail","6":"product_cat-figurky","7":"product_cat-h0","9":"first","10":"onbackorder","11":"shipping-taxable","12":"purchasable","13":"product-type-variable"},"jetpack_sharing_enabled":true,"_links":{"self":[{"href":"https:\/\/netbis.sk\/modely\/wp-json\/wp\/v2\/product\/2014","targetHints":{"allow":["GET"]}}],"collection":[{"href":"https:\/\/netbis.sk\/modely\/wp-json\/wp\/v2\/product"}],"about":[{"href":"https:\/\/netbis.sk\/modely\/wp-json\/wp\/v2\/types\/product"}],"replies":[{"embeddable":true,"href":"https:\/\/netbis.sk\/modely\/wp-json\/wp\/v2\/comments?post=2014"}],"wp:featuredmedia":[{"embeddable":true,"href":"https:\/\/netbis.sk\/modely\/wp-json\/wp\/v2\/media\/2013"}],"wp:attachment":[{"href":"https:\/\/netbis.sk\/modely\/wp-json\/wp\/v2\/media?parent=2014"}],"wp:term":[{"taxonomy":"product_brand","embeddable":true,"href":"https:\/\/netbis.sk\/modely\/wp-json\/wp\/v2\/product_brand?post=2014"},{"taxonomy":"product_cat","embeddable":true,"href":"https:\/\/netbis.sk\/modely\/wp-json\/wp\/v2\/product_cat?post=2014"},{"taxonomy":"product_tag","embeddable":true,"href":"https:\/\/netbis.sk\/modely\/wp-json\/wp\/v2\/product_tag?post=2014"}],"curies":[{"name":"wp","href":"https:\/\/api.w.org\/{rel}","templated":true}]}}