{"id":2017,"date":"2023-10-04T19:06:48","date_gmt":"2023-10-04T17:06:48","guid":{"rendered":"https:\/\/netbis.sk\/modely\/?post_type=product&#038;p=2017"},"modified":"2025-10-20T09:51:32","modified_gmt":"2025-10-20T07:51:32","slug":"zaprah-volov-s-rebrinakom-h0","status":"publish","type":"product","link":"https:\/\/netbis.sk\/modely\/produkt\/zaprah-volov-s-rebrinakom-h0\/","title":{"rendered":"Z\u00e1prah volov s rebri\u0148\u00e1kom, H0"},"content":{"rendered":"<p>Z\u00e1prah volov s rebri\u0148\u00e1kom, H0. 3D tla\u010d z rezinu. Obsahuje rebri\u0148\u00e1k s oto\u010dnou prednou n\u00e1pravou, dva voly a furmana.<\/p>\n","protected":false},"excerpt":{"rendered":"<p>Z\u00e1prah volov s rebri\u0148\u00e1kom, H0. 3D tla\u010d z rezinu.<\/p>\n","protected":false},"featured_media":2016,"comment_status":"closed","ping_status":"closed","template":"","meta":{"postBodyCss":"","postBodyMargin":[],"postBodyPadding":[],"postBodyBackground":{"backgroundType":"classic","gradient":""}},"product_brand":[],"product_cat":[40,19],"product_tag":[],"class_list":{"0":"post-2017","1":"product","2":"type-product","3":"status-publish","4":"has-post-thumbnail","6":"product_cat-figurky","7":"product_cat-h0","9":"first","10":"onbackorder","11":"shipping-taxable","12":"purchasable","13":"product-type-variable"},"jetpack_sharing_enabled":true,"_links":{"self":[{"href":"https:\/\/netbis.sk\/modely\/wp-json\/wp\/v2\/product\/2017","targetHints":{"allow":["GET"]}}],"collection":[{"href":"https:\/\/netbis.sk\/modely\/wp-json\/wp\/v2\/product"}],"about":[{"href":"https:\/\/netbis.sk\/modely\/wp-json\/wp\/v2\/types\/product"}],"replies":[{"embeddable":true,"href":"https:\/\/netbis.sk\/modely\/wp-json\/wp\/v2\/comments?post=2017"}],"wp:featuredmedia":[{"embeddable":true,"href":"https:\/\/netbis.sk\/modely\/wp-json\/wp\/v2\/media\/2016"}],"wp:attachment":[{"href":"https:\/\/netbis.sk\/modely\/wp-json\/wp\/v2\/media?parent=2017"}],"wp:term":[{"taxonomy":"product_brand","embeddable":true,"href":"https:\/\/netbis.sk\/modely\/wp-json\/wp\/v2\/product_brand?post=2017"},{"taxonomy":"product_cat","embeddable":true,"href":"https:\/\/netbis.sk\/modely\/wp-json\/wp\/v2\/product_cat?post=2017"},{"taxonomy":"product_tag","embeddable":true,"href":"https:\/\/netbis.sk\/modely\/wp-json\/wp\/v2\/product_tag?post=2017"}],"curies":[{"name":"wp","href":"https:\/\/api.w.org\/{rel}","templated":true}]}}