{"id":2038,"date":"2023-11-17T09:31:42","date_gmt":"2023-11-17T08:31:42","guid":{"rendered":"https:\/\/netbis.sk\/modely\/?post_type=product&#038;p=2038"},"modified":"2025-10-20T09:48:19","modified_gmt":"2025-10-20T07:48:19","slug":"tratova-bunka-typ-2-h0","status":"publish","type":"product","link":"https:\/\/netbis.sk\/modely\/produkt\/tratova-bunka-typ-2-h0\/","title":{"rendered":"Tra\u0165ov\u00e1 bunka, typ 2, H0"},"content":{"rendered":"<p class=\"elementor-heading-title elementor-size-default\">Tra\u0165ov\u00e1 bunka, typ 2, H0, 3D tla\u010d, materi\u00e1l rezin.<\/p>\n","protected":false},"excerpt":{"rendered":"<p>Tra\u0165ov\u00e1 bunka, typ 2, H0<\/p>\n","protected":false},"featured_media":2036,"comment_status":"closed","ping_status":"closed","template":"","meta":{"postBodyCss":"","postBodyMargin":[],"postBodyPadding":[],"postBodyBackground":{"backgroundType":"classic","gradient":""}},"product_brand":[],"product_cat":[24,19],"product_tag":[],"class_list":{"0":"post-2038","1":"product","2":"type-product","3":"status-publish","4":"has-post-thumbnail","6":"product_cat-detaily-krajiny","7":"product_cat-h0","9":"first","10":"onbackorder","11":"shipping-taxable","12":"purchasable","13":"product-type-variable"},"jetpack_sharing_enabled":true,"_links":{"self":[{"href":"https:\/\/netbis.sk\/modely\/wp-json\/wp\/v2\/product\/2038","targetHints":{"allow":["GET"]}}],"collection":[{"href":"https:\/\/netbis.sk\/modely\/wp-json\/wp\/v2\/product"}],"about":[{"href":"https:\/\/netbis.sk\/modely\/wp-json\/wp\/v2\/types\/product"}],"replies":[{"embeddable":true,"href":"https:\/\/netbis.sk\/modely\/wp-json\/wp\/v2\/comments?post=2038"}],"wp:featuredmedia":[{"embeddable":true,"href":"https:\/\/netbis.sk\/modely\/wp-json\/wp\/v2\/media\/2036"}],"wp:attachment":[{"href":"https:\/\/netbis.sk\/modely\/wp-json\/wp\/v2\/media?parent=2038"}],"wp:term":[{"taxonomy":"product_brand","embeddable":true,"href":"https:\/\/netbis.sk\/modely\/wp-json\/wp\/v2\/product_brand?post=2038"},{"taxonomy":"product_cat","embeddable":true,"href":"https:\/\/netbis.sk\/modely\/wp-json\/wp\/v2\/product_cat?post=2038"},{"taxonomy":"product_tag","embeddable":true,"href":"https:\/\/netbis.sk\/modely\/wp-json\/wp\/v2\/product_tag?post=2038"}],"curies":[{"name":"wp","href":"https:\/\/api.w.org\/{rel}","templated":true}]}}