{"id":2041,"date":"2023-11-17T09:35:48","date_gmt":"2023-11-17T08:35:48","guid":{"rendered":"https:\/\/netbis.sk\/modely\/?post_type=product&#038;p=2041"},"modified":"2025-10-20T10:25:18","modified_gmt":"2025-10-20T08:25:18","slug":"tratova-bunka-typ-2-tt","status":"publish","type":"product","link":"https:\/\/netbis.sk\/modely\/produkt\/tratova-bunka-typ-2-tt\/","title":{"rendered":"Tra\u0165ov\u00e1 bunka, typ 2, TT"},"content":{"rendered":"<p class=\"elementor-heading-title elementor-size-default\">Tra\u0165ov\u00e1 bunka, typ 2, TT, 3D tla\u010d, materi\u00e1l rezin.<\/p>\n","protected":false},"excerpt":{"rendered":"<p>Tra\u0165ov\u00e1 bunka, typ 2, TT<\/p>\n","protected":false},"featured_media":2036,"comment_status":"closed","ping_status":"closed","template":"","meta":{"postBodyCss":"","postBodyMargin":[],"postBodyPadding":[],"postBodyBackground":{"backgroundType":"classic","gradient":""}},"product_brand":[],"product_cat":[27,21],"product_tag":[],"class_list":{"0":"post-2041","1":"product","2":"type-product","3":"status-publish","4":"has-post-thumbnail","6":"product_cat-detaily-krajiny-tt","7":"product_cat-tt","9":"first","10":"onbackorder","11":"shipping-taxable","12":"purchasable","13":"product-type-variable"},"jetpack_sharing_enabled":true,"_links":{"self":[{"href":"https:\/\/netbis.sk\/modely\/wp-json\/wp\/v2\/product\/2041","targetHints":{"allow":["GET"]}}],"collection":[{"href":"https:\/\/netbis.sk\/modely\/wp-json\/wp\/v2\/product"}],"about":[{"href":"https:\/\/netbis.sk\/modely\/wp-json\/wp\/v2\/types\/product"}],"replies":[{"embeddable":true,"href":"https:\/\/netbis.sk\/modely\/wp-json\/wp\/v2\/comments?post=2041"}],"wp:featuredmedia":[{"embeddable":true,"href":"https:\/\/netbis.sk\/modely\/wp-json\/wp\/v2\/media\/2036"}],"wp:attachment":[{"href":"https:\/\/netbis.sk\/modely\/wp-json\/wp\/v2\/media?parent=2041"}],"wp:term":[{"taxonomy":"product_brand","embeddable":true,"href":"https:\/\/netbis.sk\/modely\/wp-json\/wp\/v2\/product_brand?post=2041"},{"taxonomy":"product_cat","embeddable":true,"href":"https:\/\/netbis.sk\/modely\/wp-json\/wp\/v2\/product_cat?post=2041"},{"taxonomy":"product_tag","embeddable":true,"href":"https:\/\/netbis.sk\/modely\/wp-json\/wp\/v2\/product_tag?post=2041"}],"curies":[{"name":"wp","href":"https:\/\/api.w.org\/{rel}","templated":true}]}}