{"id":2620,"date":"2025-10-22T11:39:59","date_gmt":"2025-10-22T09:39:59","guid":{"rendered":"https:\/\/netbis.sk\/modely\/?post_type=product&#038;p=2620"},"modified":"2025-10-22T12:04:53","modified_gmt":"2025-10-22T10:04:53","slug":"darcekovy-kupon-v-hodnote-25e","status":"publish","type":"product","link":"https:\/\/netbis.sk\/modely\/produkt\/darcekovy-kupon-v-hodnote-25e\/","title":{"rendered":"Dar\u010dekov\u00fd kup\u00f3n v hodnote 25\u20ac"},"content":{"rendered":"<p>Dar\u010dekov\u00fd kup\u00f3n v hodnote 25\u20ac. Uplatn\u00edte v ko\u0161\u00edku pri objedn\u00e1vke.<\/p>\n<p>Po objednan\u00ed a \u00fahrade kup\u00f3nu V\u00e1m po\u0161leme v \u010do najkrat\u0161om mo\u017enom \u010dase kup\u00f3n aj s k\u00f3dom. Syst\u00e9m tvorby kup\u00f3nov nie je automatizovan\u00fd, rob\u00edme ho ru\u010dne. Kup\u00f3n je v elektronickej verzii, vo form\u00e1te PDF, preto by malo by\u0165 bezprobl\u00e9mov\u00e9 ho v pr\u00edpade potreby vytla\u010di\u0165.<\/p>\n","protected":false},"excerpt":{"rendered":"<p>Dar\u010dekov\u00fd kup\u00f3n v hodnote 25\u20ac<\/p>\n","protected":false},"featured_media":2621,"comment_status":"closed","ping_status":"closed","template":"","meta":{"postBodyCss":"","postBodyMargin":[],"postBodyPadding":[],"postBodyBackground":{"backgroundType":"classic","gradient":""}},"product_brand":[],"product_cat":[39],"product_tag":[],"class_list":{"0":"post-2620","1":"product","2":"type-product","3":"status-publish","4":"has-post-thumbnail","6":"product_cat-darcekove-kupony","8":"first","9":"instock","10":"shipping-taxable","11":"purchasable","12":"product-type-simple"},"jetpack_sharing_enabled":true,"_links":{"self":[{"href":"https:\/\/netbis.sk\/modely\/wp-json\/wp\/v2\/product\/2620","targetHints":{"allow":["GET"]}}],"collection":[{"href":"https:\/\/netbis.sk\/modely\/wp-json\/wp\/v2\/product"}],"about":[{"href":"https:\/\/netbis.sk\/modely\/wp-json\/wp\/v2\/types\/product"}],"replies":[{"embeddable":true,"href":"https:\/\/netbis.sk\/modely\/wp-json\/wp\/v2\/comments?post=2620"}],"wp:featuredmedia":[{"embeddable":true,"href":"https:\/\/netbis.sk\/modely\/wp-json\/wp\/v2\/media\/2621"}],"wp:attachment":[{"href":"https:\/\/netbis.sk\/modely\/wp-json\/wp\/v2\/media?parent=2620"}],"wp:term":[{"taxonomy":"product_brand","embeddable":true,"href":"https:\/\/netbis.sk\/modely\/wp-json\/wp\/v2\/product_brand?post=2620"},{"taxonomy":"product_cat","embeddable":true,"href":"https:\/\/netbis.sk\/modely\/wp-json\/wp\/v2\/product_cat?post=2620"},{"taxonomy":"product_tag","embeddable":true,"href":"https:\/\/netbis.sk\/modely\/wp-json\/wp\/v2\/product_tag?post=2620"}],"curies":[{"name":"wp","href":"https:\/\/api.w.org\/{rel}","templated":true}]}}