{"id":2782,"date":"2025-10-28T18:21:49","date_gmt":"2025-10-28T17:21:49","guid":{"rendered":"https:\/\/netbis.sk\/modely\/?post_type=product&#038;p=2782"},"modified":"2025-11-01T19:08:31","modified_gmt":"2025-11-01T18:08:31","slug":"kratka-vlecka-mierka-h0","status":"publish","type":"product","link":"https:\/\/netbis.sk\/modely\/produkt\/kratka-vlecka-mierka-h0\/","title":{"rendered":"Kr\u00e1tka vle\u010dka, mierka H0"},"content":{"rendered":"<p>Kr\u00e1tka vle\u010dka, mierka H0<\/p>\n<p>Traktor na fotografi\u00e1ch nie je s\u00fa\u010das\u0165ou pri predaji vle\u010dky. V pr\u00edpade, \u017ee si \u017eel\u00e1te aj traktor, je potrebn\u00e9 ho objedna\u0165 zvl\u00e1\u0161\u0165.<\/p>\n","protected":false},"excerpt":{"rendered":"<p>Kr\u00e1tka vle\u010dka, mierka H0<\/p>\n","protected":false},"featured_media":2911,"comment_status":"closed","ping_status":"closed","template":"","meta":{"postBodyCss":"","postBodyMargin":[],"postBodyPadding":[],"postBodyBackground":{"backgroundType":"classic","gradient":""}},"product_brand":[],"product_cat":[19,49],"product_tag":[],"class_list":{"0":"post-2782","1":"product","2":"type-product","3":"status-publish","4":"has-post-thumbnail","6":"product_cat-h0","7":"product_cat-polnohospodarstvo","9":"first","10":"instock","11":"shipping-taxable","12":"purchasable","13":"product-type-variable"},"jetpack_sharing_enabled":true,"_links":{"self":[{"href":"https:\/\/netbis.sk\/modely\/wp-json\/wp\/v2\/product\/2782","targetHints":{"allow":["GET"]}}],"collection":[{"href":"https:\/\/netbis.sk\/modely\/wp-json\/wp\/v2\/product"}],"about":[{"href":"https:\/\/netbis.sk\/modely\/wp-json\/wp\/v2\/types\/product"}],"replies":[{"embeddable":true,"href":"https:\/\/netbis.sk\/modely\/wp-json\/wp\/v2\/comments?post=2782"}],"wp:featuredmedia":[{"embeddable":true,"href":"https:\/\/netbis.sk\/modely\/wp-json\/wp\/v2\/media\/2911"}],"wp:attachment":[{"href":"https:\/\/netbis.sk\/modely\/wp-json\/wp\/v2\/media?parent=2782"}],"wp:term":[{"taxonomy":"product_brand","embeddable":true,"href":"https:\/\/netbis.sk\/modely\/wp-json\/wp\/v2\/product_brand?post=2782"},{"taxonomy":"product_cat","embeddable":true,"href":"https:\/\/netbis.sk\/modely\/wp-json\/wp\/v2\/product_cat?post=2782"},{"taxonomy":"product_tag","embeddable":true,"href":"https:\/\/netbis.sk\/modely\/wp-json\/wp\/v2\/product_tag?post=2782"}],"curies":[{"name":"wp","href":"https:\/\/api.w.org\/{rel}","templated":true}]}}