{"id":2832,"date":"2025-10-29T19:51:02","date_gmt":"2025-10-29T18:51:02","guid":{"rendered":"https:\/\/netbis.sk\/modely\/?post_type=product&#038;p=2832"},"modified":"2025-11-16T17:27:22","modified_gmt":"2025-11-16T16:27:22","slug":"cisterna-mierka-tt","status":"publish","type":"product","link":"https:\/\/netbis.sk\/modely\/produkt\/cisterna-mierka-tt\/","title":{"rendered":"Cisterna, mierka TT"},"content":{"rendered":"<p>Fek\u00e1lna cisterna z 50-60 rokov minul\u00e9ho storo\u010dia, mierka TT<\/p>\n<p>Traktor na fotografi\u00e1ch nie je s\u00fa\u010das\u0165ou pri predaji cisterny. V pr\u00edpade, \u017ee si \u017eel\u00e1te aj traktor, je potrebn\u00e9 ho objedna\u0165 zvl\u00e1\u0161\u0165. Farby pri farbenej variante ako aj pri patine sa m\u00f4\u017eu l\u00ed\u0161i\u0165, fotky s\u00fa orienta\u010dn\u00e9<\/p>\n","protected":false},"excerpt":{"rendered":"<p>Fek\u00e1lna cisterna z 50-60 rokov minul\u00e9ho storo\u010dia, mierka TT<\/p>\n","protected":false},"featured_media":2909,"comment_status":"closed","ping_status":"closed","template":"","meta":{"postBodyCss":"","postBodyMargin":[],"postBodyPadding":[],"postBodyBackground":{"backgroundType":"classic","gradient":""}},"product_brand":[],"product_cat":[51,21],"product_tag":[],"class_list":{"0":"post-2832","1":"product","2":"type-product","3":"status-publish","4":"has-post-thumbnail","6":"product_cat-polnohospodarstvo-vozidla-a-technika-tt","7":"product_cat-tt","9":"first","10":"instock","11":"shipping-taxable","12":"purchasable","13":"product-type-variable"},"jetpack_sharing_enabled":true,"_links":{"self":[{"href":"https:\/\/netbis.sk\/modely\/wp-json\/wp\/v2\/product\/2832","targetHints":{"allow":["GET"]}}],"collection":[{"href":"https:\/\/netbis.sk\/modely\/wp-json\/wp\/v2\/product"}],"about":[{"href":"https:\/\/netbis.sk\/modely\/wp-json\/wp\/v2\/types\/product"}],"replies":[{"embeddable":true,"href":"https:\/\/netbis.sk\/modely\/wp-json\/wp\/v2\/comments?post=2832"}],"wp:featuredmedia":[{"embeddable":true,"href":"https:\/\/netbis.sk\/modely\/wp-json\/wp\/v2\/media\/2909"}],"wp:attachment":[{"href":"https:\/\/netbis.sk\/modely\/wp-json\/wp\/v2\/media?parent=2832"}],"wp:term":[{"taxonomy":"product_brand","embeddable":true,"href":"https:\/\/netbis.sk\/modely\/wp-json\/wp\/v2\/product_brand?post=2832"},{"taxonomy":"product_cat","embeddable":true,"href":"https:\/\/netbis.sk\/modely\/wp-json\/wp\/v2\/product_cat?post=2832"},{"taxonomy":"product_tag","embeddable":true,"href":"https:\/\/netbis.sk\/modely\/wp-json\/wp\/v2\/product_tag?post=2832"}],"curies":[{"name":"wp","href":"https:\/\/api.w.org\/{rel}","templated":true}]}}