{"id":2915,"date":"2025-11-02T14:51:38","date_gmt":"2025-11-02T13:51:38","guid":{"rendered":"https:\/\/netbis.sk\/modely\/?post_type=product&#038;p=2915"},"modified":"2025-11-02T14:55:34","modified_gmt":"2025-11-02T13:55:34","slug":"pluh-na-oranie-mierka-h0","status":"publish","type":"product","link":"https:\/\/netbis.sk\/modely\/produkt\/pluh-na-oranie-mierka-h0\/","title":{"rendered":"Pluh na oranie, mierka H0"},"content":{"rendered":"<p>Pluh na oranie, mierka H0<\/p>\n<p>Traktor a dior\u00e1ma na fotografi\u00e1ch nie je s\u00fa\u010das\u0165ou pri predaji pluhu. V pr\u00edpade, \u017ee si \u017eel\u00e1te aj traktor, je potrebn\u00e9 ho objedna\u0165 zvl\u00e1\u0161\u0165.<\/p>\n","protected":false},"excerpt":{"rendered":"<p>Pluh na oranie, mierka H0<\/p>\n","protected":false},"featured_media":2919,"comment_status":"closed","ping_status":"closed","template":"","meta":{"postBodyCss":"","postBodyMargin":[],"postBodyPadding":[],"postBodyBackground":{"backgroundType":"classic","gradient":""}},"product_brand":[],"product_cat":[19,49],"product_tag":[],"class_list":{"0":"post-2915","1":"product","2":"type-product","3":"status-publish","4":"has-post-thumbnail","6":"product_cat-h0","7":"product_cat-polnohospodarstvo","9":"first","10":"instock","11":"shipping-taxable","12":"purchasable","13":"product-type-variable"},"jetpack_sharing_enabled":true,"_links":{"self":[{"href":"https:\/\/netbis.sk\/modely\/wp-json\/wp\/v2\/product\/2915","targetHints":{"allow":["GET"]}}],"collection":[{"href":"https:\/\/netbis.sk\/modely\/wp-json\/wp\/v2\/product"}],"about":[{"href":"https:\/\/netbis.sk\/modely\/wp-json\/wp\/v2\/types\/product"}],"replies":[{"embeddable":true,"href":"https:\/\/netbis.sk\/modely\/wp-json\/wp\/v2\/comments?post=2915"}],"wp:featuredmedia":[{"embeddable":true,"href":"https:\/\/netbis.sk\/modely\/wp-json\/wp\/v2\/media\/2919"}],"wp:attachment":[{"href":"https:\/\/netbis.sk\/modely\/wp-json\/wp\/v2\/media?parent=2915"}],"wp:term":[{"taxonomy":"product_brand","embeddable":true,"href":"https:\/\/netbis.sk\/modely\/wp-json\/wp\/v2\/product_brand?post=2915"},{"taxonomy":"product_cat","embeddable":true,"href":"https:\/\/netbis.sk\/modely\/wp-json\/wp\/v2\/product_cat?post=2915"},{"taxonomy":"product_tag","embeddable":true,"href":"https:\/\/netbis.sk\/modely\/wp-json\/wp\/v2\/product_tag?post=2915"}],"curies":[{"name":"wp","href":"https:\/\/api.w.org\/{rel}","templated":true}]}}