{"id":3019,"date":"2025-11-09T06:06:31","date_gmt":"2025-11-09T05:06:31","guid":{"rendered":"https:\/\/netbis.sk\/modely\/?post_type=product&#038;p=3019"},"modified":"2025-12-21T23:17:27","modified_gmt":"2025-12-21T22:17:27","slug":"lkt120-mierka-h0","status":"publish","type":"product","link":"https:\/\/netbis.sk\/modely\/produkt\/lkt120-mierka-h0\/","title":{"rendered":"LKT120, mierka H0"},"content":{"rendered":"<p>LKT120, mierka H0<\/p>\n<p>Tla\u010den\u00e9 v v dvoch kusoch &#8211; rozdelenie v k\u013abe. Farebn\u00e9 vari\u00e1cie sa m\u00f4\u017eu l\u00ed\u0161i\u0165, fotky s\u00fa orienta\u010dn\u00e9. Ak si \u017eel\u00e1te konkr\u00e9tnu farebn\u00fa kombin\u00e1ciu, nap\u00ed\u0161te to do pozn\u00e1mky v objedn\u00e1vke.<\/p>\n","protected":false},"excerpt":{"rendered":"<p>LKT120, mierka H0<\/p>\n","protected":false},"featured_media":2969,"comment_status":"closed","ping_status":"closed","template":"","meta":{"postBodyCss":"","postBodyMargin":[],"postBodyPadding":[],"postBodyBackground":{"backgroundType":"classic","gradient":""}},"product_brand":[],"product_cat":[19,49],"product_tag":[],"class_list":{"0":"post-3019","1":"product","2":"type-product","3":"status-publish","4":"has-post-thumbnail","6":"product_cat-h0","7":"product_cat-polnohospodarstvo","9":"first","10":"onbackorder","11":"shipping-taxable","12":"purchasable","13":"product-type-variable"},"jetpack_sharing_enabled":true,"_links":{"self":[{"href":"https:\/\/netbis.sk\/modely\/wp-json\/wp\/v2\/product\/3019","targetHints":{"allow":["GET"]}}],"collection":[{"href":"https:\/\/netbis.sk\/modely\/wp-json\/wp\/v2\/product"}],"about":[{"href":"https:\/\/netbis.sk\/modely\/wp-json\/wp\/v2\/types\/product"}],"replies":[{"embeddable":true,"href":"https:\/\/netbis.sk\/modely\/wp-json\/wp\/v2\/comments?post=3019"}],"wp:featuredmedia":[{"embeddable":true,"href":"https:\/\/netbis.sk\/modely\/wp-json\/wp\/v2\/media\/2969"}],"wp:attachment":[{"href":"https:\/\/netbis.sk\/modely\/wp-json\/wp\/v2\/media?parent=3019"}],"wp:term":[{"taxonomy":"product_brand","embeddable":true,"href":"https:\/\/netbis.sk\/modely\/wp-json\/wp\/v2\/product_brand?post=3019"},{"taxonomy":"product_cat","embeddable":true,"href":"https:\/\/netbis.sk\/modely\/wp-json\/wp\/v2\/product_cat?post=3019"},{"taxonomy":"product_tag","embeddable":true,"href":"https:\/\/netbis.sk\/modely\/wp-json\/wp\/v2\/product_tag?post=3019"}],"curies":[{"name":"wp","href":"https:\/\/api.w.org\/{rel}","templated":true}]}}