{"id":3038,"date":"2025-11-09T06:11:27","date_gmt":"2025-11-09T05:11:27","guid":{"rendered":"https:\/\/netbis.sk\/modely\/?post_type=product&#038;p=3038"},"modified":"2025-11-09T06:16:34","modified_gmt":"2025-11-09T05:16:34","slug":"zetor-35-super-4x4-mierka-tt","status":"publish","type":"product","link":"https:\/\/netbis.sk\/modely\/produkt\/zetor-35-super-4x4-mierka-tt\/","title":{"rendered":"Zetor 35 Super 4&#215;4, mierka TT"},"content":{"rendered":"<p>Zetor 35 Super 4&#215;4 &#8211; &#8222;\u0161mykov\u00fd&#8220;, mierka TT. Tento typ je ve\u013emi m\u00e1lo zn\u00e1my, origin\u00e1l som na\u0161iel na internete \u00faplnou n\u00e1hodou, s minimom inform\u00e1ci\u00ed. Vyzer\u00e1 to v\u0161ak tak, \u017ee pravdepodobne skon\u010dil iba ako prototyp v p\u00e1r kusoch a nikdy sa nedostal do s\u00e9riovej v\u00fdroby.<\/p>\n<p>Varianty traktora Zetor 35 Super, na v\u00fdber s klietkou a bez klietky. Tla\u010den\u00e9 v jednom kuse, farebn\u00e9 vari\u00e1cie sa m\u00f4\u017eu l\u00ed\u0161i\u0165, fotky s\u00fa orienta\u010dn\u00e9. Ak si \u017eel\u00e1te konkr\u00e9tnu farebn\u00fa kombin\u00e1ciu, nap\u00ed\u0161te to do pozn\u00e1mky v objedn\u00e1vke.<\/p>\n","protected":false},"excerpt":{"rendered":"<p>Zetor 35 Super 4&#215;4, mierka TT<\/p>\n","protected":false},"featured_media":2964,"comment_status":"closed","ping_status":"closed","template":"","meta":{"postBodyCss":"","postBodyMargin":[],"postBodyPadding":[],"postBodyBackground":{"backgroundType":"classic","gradient":""}},"product_brand":[],"product_cat":[51,21],"product_tag":[],"class_list":{"0":"post-3038","1":"product","2":"type-product","3":"status-publish","4":"has-post-thumbnail","6":"product_cat-polnohospodarstvo-vozidla-a-technika-tt","7":"product_cat-tt","9":"first","10":"instock","11":"shipping-taxable","12":"purchasable","13":"product-type-variable"},"jetpack_sharing_enabled":true,"_links":{"self":[{"href":"https:\/\/netbis.sk\/modely\/wp-json\/wp\/v2\/product\/3038","targetHints":{"allow":["GET"]}}],"collection":[{"href":"https:\/\/netbis.sk\/modely\/wp-json\/wp\/v2\/product"}],"about":[{"href":"https:\/\/netbis.sk\/modely\/wp-json\/wp\/v2\/types\/product"}],"replies":[{"embeddable":true,"href":"https:\/\/netbis.sk\/modely\/wp-json\/wp\/v2\/comments?post=3038"}],"wp:featuredmedia":[{"embeddable":true,"href":"https:\/\/netbis.sk\/modely\/wp-json\/wp\/v2\/media\/2964"}],"wp:attachment":[{"href":"https:\/\/netbis.sk\/modely\/wp-json\/wp\/v2\/media?parent=3038"}],"wp:term":[{"taxonomy":"product_brand","embeddable":true,"href":"https:\/\/netbis.sk\/modely\/wp-json\/wp\/v2\/product_brand?post=3038"},{"taxonomy":"product_cat","embeddable":true,"href":"https:\/\/netbis.sk\/modely\/wp-json\/wp\/v2\/product_cat?post=3038"},{"taxonomy":"product_tag","embeddable":true,"href":"https:\/\/netbis.sk\/modely\/wp-json\/wp\/v2\/product_tag?post=3038"}],"curies":[{"name":"wp","href":"https:\/\/api.w.org\/{rel}","templated":true}]}}