{"id":3084,"date":"2025-11-10T19:42:44","date_gmt":"2025-11-10T18:42:44","guid":{"rendered":"https:\/\/netbis.sk\/modely\/?post_type=product&#038;p=3084"},"modified":"2025-11-10T19:46:21","modified_gmt":"2025-11-10T18:46:21","slug":"fortschritt-rs09-na-drevo-mierka-tt","status":"publish","type":"product","link":"https:\/\/netbis.sk\/modely\/produkt\/fortschritt-rs09-na-drevo-mierka-tt\/","title":{"rendered":"Fortschritt RS09 na drevo, mierka TT"},"content":{"rendered":"<p>Fortschritt RS09 na drevo, mierka TT<\/p>\n<p>Tla\u010den\u00e9 v jednom kuse. Farebn\u00e9 vari\u00e1cie sa m\u00f4\u017eu l\u00ed\u0161i\u0165, fotky s\u00fa orienta\u010dn\u00e9. Ak si \u017eel\u00e1te konkr\u00e9tnu farebn\u00fa kombin\u00e1ciu, nap\u00ed\u0161te to do pozn\u00e1mky v objedn\u00e1vke.<\/p>\n","protected":false},"excerpt":{"rendered":"<p>Fortschritt RS09 na drevo, mierka TT<\/p>\n","protected":false},"featured_media":3051,"comment_status":"closed","ping_status":"closed","template":"","meta":{"postBodyCss":"","postBodyMargin":[],"postBodyPadding":[],"postBodyBackground":{"backgroundType":"classic","gradient":""}},"product_brand":[],"product_cat":[51,21],"product_tag":[],"class_list":{"0":"post-3084","1":"product","2":"type-product","3":"status-publish","4":"has-post-thumbnail","6":"product_cat-polnohospodarstvo-vozidla-a-technika-tt","7":"product_cat-tt","9":"first","10":"instock","11":"shipping-taxable","12":"purchasable","13":"product-type-variable"},"jetpack_sharing_enabled":true,"_links":{"self":[{"href":"https:\/\/netbis.sk\/modely\/wp-json\/wp\/v2\/product\/3084","targetHints":{"allow":["GET"]}}],"collection":[{"href":"https:\/\/netbis.sk\/modely\/wp-json\/wp\/v2\/product"}],"about":[{"href":"https:\/\/netbis.sk\/modely\/wp-json\/wp\/v2\/types\/product"}],"replies":[{"embeddable":true,"href":"https:\/\/netbis.sk\/modely\/wp-json\/wp\/v2\/comments?post=3084"}],"wp:featuredmedia":[{"embeddable":true,"href":"https:\/\/netbis.sk\/modely\/wp-json\/wp\/v2\/media\/3051"}],"wp:attachment":[{"href":"https:\/\/netbis.sk\/modely\/wp-json\/wp\/v2\/media?parent=3084"}],"wp:term":[{"taxonomy":"product_brand","embeddable":true,"href":"https:\/\/netbis.sk\/modely\/wp-json\/wp\/v2\/product_brand?post=3084"},{"taxonomy":"product_cat","embeddable":true,"href":"https:\/\/netbis.sk\/modely\/wp-json\/wp\/v2\/product_cat?post=3084"},{"taxonomy":"product_tag","embeddable":true,"href":"https:\/\/netbis.sk\/modely\/wp-json\/wp\/v2\/product_tag?post=3084"}],"curies":[{"name":"wp","href":"https:\/\/api.w.org\/{rel}","templated":true}]}}