{"id":3127,"date":"2025-12-06T18:05:51","date_gmt":"2025-12-06T17:05:51","guid":{"rendered":"https:\/\/netbis.sk\/modely\/?post_type=product&#038;p=3127"},"modified":"2026-04-24T20:24:30","modified_gmt":"2026-04-24T18:24:30","slug":"ot-64-skot-mierka-h0","status":"publish","type":"product","link":"https:\/\/netbis.sk\/modely\/produkt\/ot-64-skot-mierka-h0\/","title":{"rendered":"OT-64 Skot, mierka H0"},"content":{"rendered":"<p>OT-64 Skot, ve\u017ea a bo\u010dn\u00e9 bedne tla\u010den\u00e9 zvl\u00e1\u0161\u0165<\/p>\n<p>V ponuke dve verzie, s ve\u017ei\u010dkou alebo bez ve\u017ei\u010dky (aj civiln\u00e1 verzia &#8211; hasi\u010di a podobne). V balen\u00ed jeden kus pod\u013ea V\u00e1\u0161ho v\u00fdberu<\/p>\n","protected":false},"excerpt":{"rendered":"<p>OT-64 Skot, ve\u017ea a bo\u010dn\u00e9 bedne tla\u010den\u00e9 zvl\u00e1\u0161\u0165<\/p>\n","protected":false},"featured_media":3130,"comment_status":"closed","ping_status":"closed","template":"","meta":{"postBodyCss":"","postBodyMargin":[],"postBodyPadding":[],"postBodyBackground":{"backgroundType":"classic","gradient":""}},"product_brand":[],"product_cat":[19,37],"product_tag":[],"class_list":{"0":"post-3127","1":"product","2":"type-product","3":"status-publish","4":"has-post-thumbnail","6":"product_cat-h0","7":"product_cat-vojenska-technika","9":"first","10":"onbackorder","11":"shipping-taxable","12":"purchasable","13":"product-type-variable"},"jetpack_sharing_enabled":true,"_links":{"self":[{"href":"https:\/\/netbis.sk\/modely\/wp-json\/wp\/v2\/product\/3127","targetHints":{"allow":["GET"]}}],"collection":[{"href":"https:\/\/netbis.sk\/modely\/wp-json\/wp\/v2\/product"}],"about":[{"href":"https:\/\/netbis.sk\/modely\/wp-json\/wp\/v2\/types\/product"}],"replies":[{"embeddable":true,"href":"https:\/\/netbis.sk\/modely\/wp-json\/wp\/v2\/comments?post=3127"}],"wp:featuredmedia":[{"embeddable":true,"href":"https:\/\/netbis.sk\/modely\/wp-json\/wp\/v2\/media\/3130"}],"wp:attachment":[{"href":"https:\/\/netbis.sk\/modely\/wp-json\/wp\/v2\/media?parent=3127"}],"wp:term":[{"taxonomy":"product_brand","embeddable":true,"href":"https:\/\/netbis.sk\/modely\/wp-json\/wp\/v2\/product_brand?post=3127"},{"taxonomy":"product_cat","embeddable":true,"href":"https:\/\/netbis.sk\/modely\/wp-json\/wp\/v2\/product_cat?post=3127"},{"taxonomy":"product_tag","embeddable":true,"href":"https:\/\/netbis.sk\/modely\/wp-json\/wp\/v2\/product_tag?post=3127"}],"curies":[{"name":"wp","href":"https:\/\/api.w.org\/{rel}","templated":true}]}}