{"id":3195,"date":"2025-12-10T18:24:32","date_gmt":"2025-12-10T17:24:32","guid":{"rendered":"https:\/\/netbis.sk\/modely\/?post_type=product&#038;p=3195"},"modified":"2025-12-10T18:25:57","modified_gmt":"2025-12-10T17:25:57","slug":"t-55-mierka-tt","status":"publish","type":"product","link":"https:\/\/netbis.sk\/modely\/produkt\/t-55-mierka-tt\/","title":{"rendered":"T-55, mierka TT"},"content":{"rendered":"<p>T-55. V ponuke dve verzie, s krytmi podvozku alebo bez. V balen\u00ed jeden kus pod\u013ea V\u00e1\u0161ho v\u00fdberu<\/p>\n","protected":false},"excerpt":{"rendered":"<p>T-55, mierka TT<\/p>\n","protected":false},"featured_media":3178,"comment_status":"closed","ping_status":"closed","template":"","meta":{"postBodyCss":"","postBodyMargin":[],"postBodyPadding":[],"postBodyBackground":{"backgroundType":"classic","gradient":""}},"product_brand":[],"product_cat":[21,38],"product_tag":[],"class_list":{"0":"post-3195","1":"product","2":"type-product","3":"status-publish","4":"has-post-thumbnail","6":"product_cat-tt","7":"product_cat-vojenska-technika-tt","9":"first","10":"instock","11":"shipping-taxable","12":"purchasable","13":"product-type-variable"},"jetpack_sharing_enabled":true,"_links":{"self":[{"href":"https:\/\/netbis.sk\/modely\/wp-json\/wp\/v2\/product\/3195","targetHints":{"allow":["GET"]}}],"collection":[{"href":"https:\/\/netbis.sk\/modely\/wp-json\/wp\/v2\/product"}],"about":[{"href":"https:\/\/netbis.sk\/modely\/wp-json\/wp\/v2\/types\/product"}],"replies":[{"embeddable":true,"href":"https:\/\/netbis.sk\/modely\/wp-json\/wp\/v2\/comments?post=3195"}],"wp:featuredmedia":[{"embeddable":true,"href":"https:\/\/netbis.sk\/modely\/wp-json\/wp\/v2\/media\/3178"}],"wp:attachment":[{"href":"https:\/\/netbis.sk\/modely\/wp-json\/wp\/v2\/media?parent=3195"}],"wp:term":[{"taxonomy":"product_brand","embeddable":true,"href":"https:\/\/netbis.sk\/modely\/wp-json\/wp\/v2\/product_brand?post=3195"},{"taxonomy":"product_cat","embeddable":true,"href":"https:\/\/netbis.sk\/modely\/wp-json\/wp\/v2\/product_cat?post=3195"},{"taxonomy":"product_tag","embeddable":true,"href":"https:\/\/netbis.sk\/modely\/wp-json\/wp\/v2\/product_tag?post=3195"}],"curies":[{"name":"wp","href":"https:\/\/api.w.org\/{rel}","templated":true}]}}