{"id":3229,"date":"2026-01-24T14:30:12","date_gmt":"2026-01-24T13:30:12","guid":{"rendered":"https:\/\/netbis.sk\/modely\/?post_type=product&#038;p=3229"},"modified":"2026-01-24T14:36:10","modified_gmt":"2026-01-24T13:36:10","slug":"davkovac-strku-na-zastrkovanie-kolaji-h0","status":"publish","type":"product","link":"https:\/\/netbis.sk\/modely\/produkt\/davkovac-strku-na-zastrkovanie-kolaji-h0\/","title":{"rendered":"D\u00e1vkova\u010d \u0161trku na za\u0161trkovanie ko\u013eaj\u00ed, H0"},"content":{"rendered":"<p>D\u00e1vkova\u010d \u0161trku na za\u0161trkovanie ko\u013eaj\u00ed, H0<\/p>\n<p>Vytvoren\u00e9 pomocou FDM 3D tla\u010de, farba sa m\u00f4\u017ee l\u00ed\u0161i\u0165 pod\u013ea dostupnosti. Vonkaj\u0161ie rozmery 40x40x40mm<\/p>\n<p>&nbsp;<\/p>\n","protected":false},"excerpt":{"rendered":"<p>D\u00e1vkova\u010d \u0161trku na za\u0161trkovanie ko\u013eaj\u00ed, H0<\/p>\n","protected":false},"featured_media":3232,"comment_status":"closed","ping_status":"closed","template":"","meta":{"postBodyCss":"","postBodyMargin":[],"postBodyPadding":[],"postBodyBackground":{"backgroundType":"classic","gradient":""}},"product_brand":[],"product_cat":[52],"product_tag":[],"class_list":{"0":"post-3229","1":"product","2":"type-product","3":"status-publish","4":"has-post-thumbnail","6":"product_cat-doplnky-a-pomocky","8":"first","9":"instock","10":"shipping-taxable","11":"purchasable","12":"product-type-simple"},"jetpack_sharing_enabled":true,"_links":{"self":[{"href":"https:\/\/netbis.sk\/modely\/wp-json\/wp\/v2\/product\/3229","targetHints":{"allow":["GET"]}}],"collection":[{"href":"https:\/\/netbis.sk\/modely\/wp-json\/wp\/v2\/product"}],"about":[{"href":"https:\/\/netbis.sk\/modely\/wp-json\/wp\/v2\/types\/product"}],"replies":[{"embeddable":true,"href":"https:\/\/netbis.sk\/modely\/wp-json\/wp\/v2\/comments?post=3229"}],"wp:featuredmedia":[{"embeddable":true,"href":"https:\/\/netbis.sk\/modely\/wp-json\/wp\/v2\/media\/3232"}],"wp:attachment":[{"href":"https:\/\/netbis.sk\/modely\/wp-json\/wp\/v2\/media?parent=3229"}],"wp:term":[{"taxonomy":"product_brand","embeddable":true,"href":"https:\/\/netbis.sk\/modely\/wp-json\/wp\/v2\/product_brand?post=3229"},{"taxonomy":"product_cat","embeddable":true,"href":"https:\/\/netbis.sk\/modely\/wp-json\/wp\/v2\/product_cat?post=3229"},{"taxonomy":"product_tag","embeddable":true,"href":"https:\/\/netbis.sk\/modely\/wp-json\/wp\/v2\/product_tag?post=3229"}],"curies":[{"name":"wp","href":"https:\/\/api.w.org\/{rel}","templated":true}]}}