{"id":3242,"date":"2026-01-31T10:56:41","date_gmt":"2026-01-31T09:56:41","guid":{"rendered":"https:\/\/netbis.sk\/modely\/?post_type=product&#038;p=3242"},"modified":"2026-01-31T11:10:11","modified_gmt":"2026-01-31T10:10:11","slug":"ru-vagon-na-kyselinu","status":"publish","type":"product","link":"https:\/\/netbis.sk\/modely\/produkt\/ru-vagon-na-kyselinu\/","title":{"rendered":"&#8222;Ru&#8220; vag\u00f3n na kyselinu"},"content":{"rendered":"<p>&#8222;Ru&#8220; vag\u00f3n na kyselinu v mierke G. Rozchod 45mm.<\/p>\n<p>Ide o kr\u00e1tky voze\u0148 na prepravu kysel\u00edn s desiatymi hlinen\u00fdmi n\u00e1dobami na kyselinu.<\/p>\n<p>Voze\u0148 je s jedn\u00fdm centr\u00e1lnym n\u00e1razn\u00edkom na ka\u017edom konci, ako sa pou\u017e\u00edvali u n\u00e1s na lok\u00e1lnych \u00fazkorozchodn\u00fdch \u017eelezniciach. Ide o FDM 3d tla\u010d, model je lepen\u00fd kvalitn\u00fdm dvojzlo\u017ekov\u00fdm lepidlom. Koles\u00e1 s\u00fa tie\u017e z 3D tla\u010de, ale maj\u00fa kovov\u00e9 osky.<\/p>\n<p>K dispoz\u00edcii aj vo variante so zna\u010den\u00edm, to je s pr\u00edplatkom. V pr\u00edpade z\u00e1ujmu o zna\u010denie voz\u0148a (napr. \u010cSD, \u010d\u00edsla a tak) nap\u00ed\u0161te konkr\u00e9tnu po\u017eiadavku do pozn\u00e1mky pri objedn\u00e1vke. Farba sa m\u00f4\u017ee mierne l\u00ed\u0161i\u0165 na z\u00e1klade dostupnosti materi\u00e1lov.<\/p>\n<p>Modely v mierke G dr\u017e\u00edme na sklade v\u00fdnimo\u010dne, preto s\u00fa v\u00e4\u010d\u0161inou na objedn\u00e1vku. V pr\u00edpade objednania je dodacia doba p\u00e1r dn\u00ed, nako\u013eko ich vyr\u00e1bame priebe\u017ene pod\u013ea z\u00e1ujmu.<\/p>\n","protected":false},"excerpt":{"rendered":"<p>&#8222;Ru&#8220; vag\u00f3n na kyselinu v mierke G<\/p>\n","protected":false},"featured_media":3245,"comment_status":"closed","ping_status":"closed","template":"","meta":{"postBodyCss":"","postBodyMargin":[],"postBodyPadding":[],"postBodyBackground":{"backgroundType":"classic","gradient":""}},"product_brand":[],"product_cat":[53,54],"product_tag":[],"class_list":{"0":"post-3242","1":"product","2":"type-product","3":"status-publish","4":"has-post-thumbnail","6":"product_cat-g-1225","7":"product_cat-g-vozne","9":"first","10":"onbackorder","11":"shipping-taxable","12":"purchasable","13":"product-type-variable"},"jetpack_sharing_enabled":true,"_links":{"self":[{"href":"https:\/\/netbis.sk\/modely\/wp-json\/wp\/v2\/product\/3242","targetHints":{"allow":["GET"]}}],"collection":[{"href":"https:\/\/netbis.sk\/modely\/wp-json\/wp\/v2\/product"}],"about":[{"href":"https:\/\/netbis.sk\/modely\/wp-json\/wp\/v2\/types\/product"}],"replies":[{"embeddable":true,"href":"https:\/\/netbis.sk\/modely\/wp-json\/wp\/v2\/comments?post=3242"}],"wp:featuredmedia":[{"embeddable":true,"href":"https:\/\/netbis.sk\/modely\/wp-json\/wp\/v2\/media\/3245"}],"wp:attachment":[{"href":"https:\/\/netbis.sk\/modely\/wp-json\/wp\/v2\/media?parent=3242"}],"wp:term":[{"taxonomy":"product_brand","embeddable":true,"href":"https:\/\/netbis.sk\/modely\/wp-json\/wp\/v2\/product_brand?post=3242"},{"taxonomy":"product_cat","embeddable":true,"href":"https:\/\/netbis.sk\/modely\/wp-json\/wp\/v2\/product_cat?post=3242"},{"taxonomy":"product_tag","embeddable":true,"href":"https:\/\/netbis.sk\/modely\/wp-json\/wp\/v2\/product_tag?post=3242"}],"curies":[{"name":"wp","href":"https:\/\/api.w.org\/{rel}","templated":true}]}}