{"id":3371,"date":"2026-03-22T12:26:33","date_gmt":"2026-03-22T11:26:33","guid":{"rendered":"https:\/\/netbis.sk\/modely\/?post_type=product&#038;p=3371"},"modified":"2026-03-22T12:31:53","modified_gmt":"2026-03-22T11:31:53","slug":"vodarenska-veza","status":"publish","type":"product","link":"https:\/\/netbis.sk\/modely\/produkt\/vodarenska-veza\/","title":{"rendered":"Vod\u00e1rensk\u00e1 ve\u017ea"},"content":{"rendered":"<p>Vod\u00e1rensk\u00e1 ve\u017ea. Dostupn\u00e9 v dvoch verzi\u00e1ch, s kom\u00ednom alebo bez kom\u00edna. Na fotk\u00e1ch je verzia bez kom\u00edna, ale pre predstavu rozmerov\u00e9 v\u00fdkresy s\u00fa s kom\u00ednom. V\u0161etko je na oboch verzi\u00e1ch identick\u00e9, rozdiel je iba pr\u00edtomnos\u0165 kom\u00edna a po\u010det okien (verzia s kom\u00ednom m\u00e1 o dve okn\u00e1 menej na drevenej nadstavbe zo zadnej strany)<\/p>\n<p>3D tla\u010d filament a rezinov\u00e9 doplnky. Farba sa m\u00f4\u017ee mierne l\u00ed\u0161i\u0165 na z\u00e1klade dostupnosti materi\u00e1lu. Kom\u00edn je rezinov\u00e1 3D tla\u010d. Doplnky v okol\u00ed vod\u00e1renskej ve\u017ee nie s\u00fa s\u00fa\u010das\u0165ou dod\u00e1vky. Rozmery s\u00fa na prilo\u017een\u00fdch fotografi\u00e1ch.<\/p>\n","protected":false},"excerpt":{"rendered":"<p>Vod\u00e1rensk\u00e1 ve\u017ea, mierka G<\/p>\n","protected":false},"featured_media":3372,"comment_status":"closed","ping_status":"closed","template":"","meta":{"postBodyCss":"","postBodyMargin":[],"postBodyPadding":[],"postBodyBackground":{"backgroundType":"classic","gradient":""}},"product_brand":[],"product_cat":[53,55],"product_tag":[],"class_list":{"0":"post-3371","1":"product","2":"type-product","3":"status-publish","4":"has-post-thumbnail","6":"product_cat-g-1225","7":"product_cat-g-budovy","9":"first","10":"onbackorder","11":"shipping-taxable","12":"purchasable","13":"product-type-variable"},"jetpack_sharing_enabled":true,"_links":{"self":[{"href":"https:\/\/netbis.sk\/modely\/wp-json\/wp\/v2\/product\/3371","targetHints":{"allow":["GET"]}}],"collection":[{"href":"https:\/\/netbis.sk\/modely\/wp-json\/wp\/v2\/product"}],"about":[{"href":"https:\/\/netbis.sk\/modely\/wp-json\/wp\/v2\/types\/product"}],"replies":[{"embeddable":true,"href":"https:\/\/netbis.sk\/modely\/wp-json\/wp\/v2\/comments?post=3371"}],"wp:featuredmedia":[{"embeddable":true,"href":"https:\/\/netbis.sk\/modely\/wp-json\/wp\/v2\/media\/3372"}],"wp:attachment":[{"href":"https:\/\/netbis.sk\/modely\/wp-json\/wp\/v2\/media?parent=3371"}],"wp:term":[{"taxonomy":"product_brand","embeddable":true,"href":"https:\/\/netbis.sk\/modely\/wp-json\/wp\/v2\/product_brand?post=3371"},{"taxonomy":"product_cat","embeddable":true,"href":"https:\/\/netbis.sk\/modely\/wp-json\/wp\/v2\/product_cat?post=3371"},{"taxonomy":"product_tag","embeddable":true,"href":"https:\/\/netbis.sk\/modely\/wp-json\/wp\/v2\/product_tag?post=3371"}],"curies":[{"name":"wp","href":"https:\/\/api.w.org\/{rel}","templated":true}]}}