{"id":3409,"date":"2026-04-06T17:52:07","date_gmt":"2026-04-06T15:52:07","guid":{"rendered":"https:\/\/netbis.sk\/modely\/?post_type=product&#038;p=3409"},"modified":"2026-04-06T17:57:03","modified_gmt":"2026-04-06T15:57:03","slug":"chata-mala-murovana","status":"publish","type":"product","link":"https:\/\/netbis.sk\/modely\/produkt\/chata-mala-murovana\/","title":{"rendered":"Chata mal\u00e1, murovan\u00e1"},"content":{"rendered":"<p>Chata mal\u00e1, murovan\u00e1<\/p>\n<p>3D tla\u010d filament a rezinov\u00e9 doplnky. Farba sa m\u00f4\u017ee mierne l\u00ed\u0161i\u0165 na z\u00e1klade dostupnosti materi\u00e1lu. Kom\u00edn je rezinov\u00e1 3D tla\u010d. Chlievy, povoz ani in\u00e9 doplnky nie s\u00fa s\u00fa\u010das\u0165ou dod\u00e1vky. Rozmery s\u00fa na prilo\u017een\u00fdch fotografi\u00e1ch, rozmerovo je rovnak\u00e1 ako dreven\u00e1 verzia.<\/p>\n","protected":false},"excerpt":{"rendered":"<p>Chata mal\u00e1, murovan\u00e1, mierka G<\/p>\n","protected":false},"featured_media":3410,"comment_status":"closed","ping_status":"closed","template":"","meta":{"postBodyCss":"","postBodyMargin":[],"postBodyPadding":[],"postBodyBackground":{"backgroundType":"classic","gradient":""}},"product_brand":[],"product_cat":[53,55],"product_tag":[],"class_list":{"0":"post-3409","1":"product","2":"type-product","3":"status-publish","4":"has-post-thumbnail","6":"product_cat-g-1225","7":"product_cat-g-budovy","9":"first","10":"onbackorder","11":"shipping-taxable","12":"purchasable","13":"product-type-simple"},"jetpack_sharing_enabled":true,"_links":{"self":[{"href":"https:\/\/netbis.sk\/modely\/wp-json\/wp\/v2\/product\/3409","targetHints":{"allow":["GET"]}}],"collection":[{"href":"https:\/\/netbis.sk\/modely\/wp-json\/wp\/v2\/product"}],"about":[{"href":"https:\/\/netbis.sk\/modely\/wp-json\/wp\/v2\/types\/product"}],"replies":[{"embeddable":true,"href":"https:\/\/netbis.sk\/modely\/wp-json\/wp\/v2\/comments?post=3409"}],"wp:featuredmedia":[{"embeddable":true,"href":"https:\/\/netbis.sk\/modely\/wp-json\/wp\/v2\/media\/3410"}],"wp:attachment":[{"href":"https:\/\/netbis.sk\/modely\/wp-json\/wp\/v2\/media?parent=3409"}],"wp:term":[{"taxonomy":"product_brand","embeddable":true,"href":"https:\/\/netbis.sk\/modely\/wp-json\/wp\/v2\/product_brand?post=3409"},{"taxonomy":"product_cat","embeddable":true,"href":"https:\/\/netbis.sk\/modely\/wp-json\/wp\/v2\/product_cat?post=3409"},{"taxonomy":"product_tag","embeddable":true,"href":"https:\/\/netbis.sk\/modely\/wp-json\/wp\/v2\/product_tag?post=3409"}],"curies":[{"name":"wp","href":"https:\/\/api.w.org\/{rel}","templated":true}]}}